{"id":122840,"date":"2023-06-14T07:36:32","date_gmt":"2023-06-14T05:36:32","guid":{"rendered":"https:\/\/dualdiagnosis.org\/?page_id=122840"},"modified":"2023-06-19T14:38:26","modified_gmt":"2023-06-19T12:38:26","slug":"forside-dobbeltdiagnose","status":"publish","type":"page","link":"https:\/\/dualdiagnosis.org\/da\/forside-dobbeltdiagnose\/","title":{"rendered":"Forside | Dobbeltdiagnose"},"content":{"rendered":"\t\t<div data-elementor-type=\"wp-page\" data-elementor-id=\"122840\" class=\"elementor elementor-122840\">\n\t\t\t\t\t\t<section class=\"elementor-section elementor-top-section elementor-element elementor-element-faadf13 elementor-section-boxed elementor-section-height-default elementor-section-height-default\" data-id=\"faadf13\" data-element_type=\"section\">\n\t\t\t\t\t\t<div class=\"elementor-container elementor-column-gap-default\">\n\t\t\t\t\t<div class=\"elementor-column elementor-col-100 elementor-top-column elementor-element elementor-element-56f11296\" data-id=\"56f11296\" data-element_type=\"column\">\n\t\t\t<div class=\"elementor-widget-wrap elementor-element-populated\">\n\t\t\t\t\t\t<section class=\"elementor-section elementor-inner-section elementor-element elementor-element-db00f68 elementor-section-boxed elementor-section-height-default elementor-section-height-default\" data-id=\"db00f68\" data-element_type=\"section\">\n\t\t\t\t\t\t<div class=\"elementor-container elementor-column-gap-default\">\n\t\t\t\t\t<div class=\"elementor-column elementor-col-50 elementor-inner-column elementor-element elementor-element-e5a45ec\" data-id=\"e5a45ec\" data-element_type=\"column\">\n\t\t\t<div class=\"elementor-widget-wrap elementor-element-populated\">\n\t\t\t\t\t\t<div class=\"elementor-element elementor-element-8d674c5 elementor-widget elementor-widget-text-editor\" data-id=\"8d674c5\" data-element_type=\"widget\" data-widget_type=\"text-editor.default\">\n\t\t\t\t<div class=\"elementor-widget-container\">\n\t\t\t\t\t\t\t<h2>\u00a0<\/h2><h2 style=\"text-align: center;\">Behandling af dobbeltdiagnose<\/h2><div data-equalizer-watch=\"\"><p style=\"text-align: center;\"><span style=\"color: #000000;\">Find vigtig information, der hj\u00e6lper med at afmystificere dobbeltdiagnose og g\u00f8r det lettere for dig at finde den rette behandling.<\/span><\/p><\/div><div class=\"elementor-button-wrapper\" style=\"text-align: center;\"><a class=\"elementor-button-link elementor-button elementor-size-sm\" role=\"button\" href=\"https:\/\/dualdiagnosis.org\/dual-diagnosis-treatment\/\"><span class=\"elementor-button-content-wrapper\">F\u00e5 mere at vide<\/span><\/a><\/div><div>\u00a0<\/div><div>\u00a0<\/div>\t\t\t\t\t\t<\/div>\n\t\t\t\t<\/div>\n\t\t\t\t\t<\/div>\n\t\t<\/div>\n\t\t\t\t<div class=\"elementor-column elementor-col-50 elementor-inner-column elementor-element elementor-element-f09f659\" data-id=\"f09f659\" data-element_type=\"column\">\n\t\t\t<div class=\"elementor-widget-wrap elementor-element-populated\">\n\t\t\t\t\t\t<div class=\"elementor-element elementor-element-b6a80d6 elementor-widget elementor-widget-text-editor\" data-id=\"b6a80d6\" data-element_type=\"widget\" data-widget_type=\"text-editor.default\">\n\t\t\t\t<div class=\"elementor-widget-container\">\n\t\t\t\t\t\t\t<h2>\u00a0<\/h2><h2 style=\"text-align: center;\"><span style=\"color: #ffffff;\">BEHANDLINGSCENTRE<\/span><\/h2><div data-equalizer-watch=\"\"><p style=\"text-align: center;\"><span style=\"color: #000000;\">Alle Foundations Recovery Networks behandlingscentre er designet til at tilbyde den mest effektive behandling af afh\u00e6ngighed og samtidige lidelser.<\/span><\/p><\/div><div class=\"elementor-button-wrapper\" style=\"text-align: center;\"><a class=\"elementor-button-link elementor-button elementor-size-sm\" role=\"button\" href=\"https:\/\/dualdiagnosis.org\/treatment-centers\/\"><span class=\"elementor-button-content-wrapper\"><br \/>F\u00e5 mere at vide<br \/><\/span><\/a><\/div><div>\u00a0<\/div><div>\u00a0<\/div>\t\t\t\t\t\t<\/div>\n\t\t\t\t<\/div>\n\t\t\t\t\t<\/div>\n\t\t<\/div>\n\t\t\t\t\t<\/div>\n\t\t<\/section>\n\t\t\t\t<section class=\"elementor-section elementor-inner-section elementor-element elementor-element-4662059 elementor-section-boxed elementor-section-height-default elementor-section-height-default\" data-id=\"4662059\" data-element_type=\"section\">\n\t\t\t\t\t\t<div class=\"elementor-container elementor-column-gap-default\">\n\t\t\t\t\t<div class=\"elementor-column elementor-col-50 elementor-inner-column elementor-element elementor-element-655b117\" data-id=\"655b117\" data-element_type=\"column\">\n\t\t\t<div class=\"elementor-widget-wrap elementor-element-populated\">\n\t\t\t\t\t\t<div class=\"elementor-element elementor-element-cb1e336 elementor-widget elementor-widget-text-editor\" data-id=\"cb1e336\" data-element_type=\"widget\" data-widget_type=\"text-editor.default\">\n\t\t\t\t<div class=\"elementor-widget-container\">\n\t\t\t\t\t\t\t<p><span style=\"color: #ff6600;\">45% af mennesker med afh\u00e6ngighed<\/span>\u00a0<span style=\"color: #000000;\">har en samtidig lidelse.<br \/>I henhold til <em>National unders\u00f8gelse af stofbrug og sundhed, 2010<\/em>.<\/span><\/p>\t\t\t\t\t\t<\/div>\n\t\t\t\t<\/div>\n\t\t\t\t\t<\/div>\n\t\t<\/div>\n\t\t\t\t<div class=\"elementor-column elementor-col-50 elementor-inner-column elementor-element elementor-element-1a685a7\" data-id=\"1a685a7\" data-element_type=\"column\">\n\t\t\t<div class=\"elementor-widget-wrap elementor-element-populated\">\n\t\t\t\t\t\t<div class=\"elementor-element elementor-element-3f633bd elementor-align-center elementor-widget elementor-widget-button\" data-id=\"3f633bd\" data-element_type=\"widget\" data-widget_type=\"button.default\">\n\t\t\t\t<div class=\"elementor-widget-container\">\n\t\t\t\t\t<div class=\"elementor-button-wrapper\">\n\t\t\t<a class=\"elementor-button elementor-button-link elementor-size-lg\" href=\"https:\/\/dualdiagnosis.org\/10-things-you-should-know-about-treatment\/\">\n\t\t\t\t\t\t<span class=\"elementor-button-content-wrapper\">\n\t\t\t\t\t\t\t\t\t<span class=\"elementor-button-text\">De 10 fakta om behandling<\/span>\n\t\t\t\t\t<\/span>\n\t\t\t\t\t<\/a>\n\t\t<\/div>\n\t\t\t\t<\/div>\n\t\t\t\t<\/div>\n\t\t\t\t\t<\/div>\n\t\t<\/div>\n\t\t\t\t\t<\/div>\n\t\t<\/section>\n\t\t\t\t<div class=\"elementor-element elementor-element-e56c85d elementor-tabs-view-horizontal elementor-widget elementor-widget-tabs\" data-id=\"e56c85d\" data-element_type=\"widget\" data-widget_type=\"tabs.default\">\n\t\t\t\t<div class=\"elementor-widget-container\">\n\t\t\t\t\t<div class=\"elementor-tabs\">\n\t\t\t<div class=\"elementor-tabs-wrapper\" role=\"tablist\" >\n\t\t\t\t\t\t\t\t\t<div id=\"elementor-tab-title-2401\" class=\"elementor-tab-title elementor-tab-desktop-title\" aria-selected=\"true\" data-tab=\"1\" role=\"tab\" tabindex=\"0\" aria-controls=\"elementor-tab-content-2401\" aria-expanded=\"false\">Sammenfaldende lidelser<\/div>\n\t\t\t\t\t\t\t\t\t<div id=\"elementor-tab-title-2402\" class=\"elementor-tab-title elementor-tab-desktop-title\" aria-selected=\"false\" data-tab=\"2\" role=\"tab\" tabindex=\"-1\" aria-controls=\"elementor-tab-content-2402\" aria-expanded=\"false\">Sammenfaldende lidelserIntegrerede behandlingscentre for stofmisbrug og alkoholmisbrug<\/div>\n\t\t\t\t\t\t\t<\/div>\n\t\t\t<div class=\"elementor-tabs-content-wrapper\" role=\"tablist\" aria-orientation=\"vertical\">\n\t\t\t\t\t\t\t\t\t<div class=\"elementor-tab-title elementor-tab-mobile-title\" aria-selected=\"true\" data-tab=\"1\" role=\"tab\" tabindex=\"0\" aria-controls=\"elementor-tab-content-2401\" aria-expanded=\"false\">Sammenfaldende lidelser<\/div>\n\t\t\t\t\t<div id=\"elementor-tab-content-2401\" class=\"elementor-tab-content elementor-clearfix\" data-tab=\"1\" role=\"tabpanel\" aria-labelledby=\"elementor-tab-title-2401\" tabindex=\"0\" hidden=\"false\"><p class=\"sub-text\"><img fetchpriority=\"high\" decoding=\"async\" class=\"size-medium wp-image-5317 alignright\" src=\"https:\/\/dualdiagnosis.org\/wp-content\/uploads\/2021\/03\/thinking-woman-239x300.png\" alt=\"\" width=\"239\" height=\"300\" srcset=\"https:\/\/dualdiagnosis.org\/wp-content\/uploads\/2021\/03\/thinking-woman-239x300.png 239w, https:\/\/dualdiagnosis.org\/wp-content\/uploads\/2021\/03\/thinking-woman.png 600w\" sizes=\"(max-width: 239px) 100vw, 239px\" \/><\/p><p>Sammenfaldende psykiske lidelser og stofmisbrug p\u00e5virker n\u00e6sten 8,9 millioner amerikanere hvert \u00e5r. Af dem f\u00e5r kun 7,4 % den rette behandling, og langt de fleste kastes rundt mellem behandlingssystemer med forskellige og modsatrettede behandlingsstrukturer.<\/p><p>Kun f\u00e5 behandlingscentre er specialiserede i at behandle komplekse samtidige lidelser. P\u00e5 landsplan viser forskning fortsat, at mennesker med samtidige lidelser har brug for en specialiseret form for behandling, der kaldes integrerede tjenester eller dobbeltdiagnosebehandling.<\/p><p>Mental sundhedsbehandling og misbrugsbehandling har historisk set v\u00e6ret og er fortsat adskilte behandlingssystemer. Mens der er blevet udf\u00f8rt mange forskningsstudier om mental sundhed og afh\u00e6ngighed hver for sig, er det f\u00f8rst inden for de seneste \u00e5r, at der er dukket studier op om mennesker, der k\u00e6mper med begge tilstande samtidig. Denne nye forskning viser, at de traditionelle, adskilte behandlingssystemer ikke kun fremmedg\u00f8r brugeren fra behandlingen, men ogs\u00e5 resulterer i meget d\u00e5rligere resultater end dem, som mennesker med kun \u00e9n lidelse oplever. Mere overraskende er det, at vi nu l\u00e6rer fra disse unders\u00f8gelser, at programmer, der overvejende er designet til at behandle en bestemt lidelse, faktisk kun er i stand til at behandle mindretallet af dem, der har brug for det,<\/p><p>Faktisk havde op til 65,5 % af mennesker med en stofafh\u00e6ngighedsforstyrrelse mindst \u00e9n psykisk lidelse, og 51 % af mennesker med en psykisk lidelse havde mindst \u00e9n stofmisbrugsforstyrrelse.<\/p><p>Vi l\u00e6rer ogs\u00e5 i stigende grad, at disse d\u00e5rligere resultater i lige s\u00e5 h\u00f8j grad skyldes disse adskilte og modstridende plejesystemer som selve diagnoserne, idet mennesker med samtidige tilstande udg\u00f8r st\u00f8rstedelen af de 10 procent af befolkningen, der bruger over 70 procent af landets sundhedsressourcer. Der er nu mere end 14 millioner mennesker i USA med samtidig misbrug og psykiske lidelser.<\/p><\/div>\n\t\t\t\t\t\t\t\t\t<div class=\"elementor-tab-title elementor-tab-mobile-title\" aria-selected=\"false\" data-tab=\"2\" role=\"tab\" tabindex=\"-1\" aria-controls=\"elementor-tab-content-2402\" aria-expanded=\"false\">Sammenfaldende lidelserIntegrerede behandlingscentre for stofmisbrug og alkoholmisbrug<\/div>\n\t\t\t\t\t<div id=\"elementor-tab-content-2402\" class=\"elementor-tab-content elementor-clearfix\" data-tab=\"2\" role=\"tabpanel\" aria-labelledby=\"elementor-tab-title-2402\" tabindex=\"0\" hidden=\"hidden\"><h2>Om Foundations Recovery Network<\/h2><p>Foundations Recovery Networks' behandlingsprogrammer blev grundlagt p\u00e5 en simpel dedikation til at forbedre livet for personer med samtidige psykiatriske lidelser og stofmisbrug.<\/p><p>Ved at skr\u00e6ddersy tjenester til at behandle begge lidelser samtidigt opn\u00e5r vores klienter resultater, der overskrider begr\u00e6nsningerne ved traditionelle behandlinger.<\/p><p>Vores implementerede programmer er designet til at im\u00f8dekomme behovene hos b\u00e5de klienter med mellemindkomst\/privat forsikring og high-end executive klienter. Tilsammen tilbyder vi ca. 207 d\u00f8gnpladser, hvilket g\u00f8r os til den f\u00f8rende integrerede udbyder af behandling af samtidige afh\u00e6ngigheder p\u00e5 landsplan.<\/p><div class=\"box gray\"><h2>Model for behandling af afh\u00e6ngighed<\/h2><p><img decoding=\"async\" class=\"size-medium wp-image-5650 alignright\" src=\"https:\/\/dualdiagnosis.org\/wp-content\/uploads\/2021\/03\/Mutter-Vater-Kind-300x225.jpeg\" alt=\"\" width=\"300\" height=\"225\" srcset=\"https:\/\/dualdiagnosis.org\/wp-content\/uploads\/2021\/03\/Mutter-Vater-Kind-300x225.jpeg 300w, https:\/\/dualdiagnosis.org\/wp-content\/uploads\/2021\/03\/Mutter-Vater-Kind-90x68.jpeg 90w, https:\/\/dualdiagnosis.org\/wp-content\/uploads\/2021\/03\/Mutter-Vater-Kind.jpeg 560w\" sizes=\"(max-width: 300px) 100vw, 300px\" \/>Vores succes skyldes vores evne til at tilbyde yderst effektive kliniske tjenester, der ikke er baseret p\u00e5 historiske konfrontationstilgange, der driver forbrugerne v\u00e6k fra behandlingen. Ved at kombinere vores forskningsbaserede innovationer med nye evidensbaserede praksisser tilbyder vi nogle af de laveste frafaldsprocenter i branchen &#8211; hvilket betyder, at kunderne forbliver engagerede i vores tjenester.<\/p><p class=\"sub-text\">En 3-\u00e5rig SAMHSA-finansieret evaluering af Foundations Associates' d\u00f8gnbehandlingsprogram viste, at 70-80 procent af Foundations' klienter var afholdende op til 1 \u00e5r efter behandlingen, hvilket blev dokumenteret ved hj\u00e6lp af omfattende data om klienternes resultater 6 og 12 m\u00e5neder efter udskrivelsen. Sv\u00e6rhedsgraden af psykiatriske symptomer blev reduceret med 60 procent, med tilsvarende forbedringer i livskvaliteten.<\/p><\/div><details><summary style=\"cursor: pointer; color: #0bbce4;\"><u>\u27a4 Motiverende tilgange<\/u><\/summary><p>Motiverende tilgange, der engagerer klienter og fastholder klienter i ydelser. Vi uddanner klinisk personale til at bruge motivationsfremmende strategier, en afpr\u00f8vet metode til at implementere klientrettede tjenester, der maksimerer klienternes engagement og undg\u00e5r brug af historiske konfrontationsstrategier.<\/p><\/details><details><summary style=\"cursor: pointer; color: #0bbce4;\"><u>\u27a4 Integreret behandling<\/u><\/summary><p>Integreret behandling, hvor alle adf\u00e6rdsm\u00e6ssige sundheds- og afh\u00e6ngighedsbehov kan adresseres i \u00e9t milj\u00f8 med et team af eksperter, herunder psykiatere, socialr\u00e5dgivere, sygeplejersker og autoriserede alkohol- og narkotikar\u00e5dgivere.<\/p><\/details><details><summary style=\"cursor: pointer; color: #0bbce4;\"><u>\u27a4 Uddannet personale<\/u><\/summary><p>Uddannet personale, der undervises i at levere evidensbaseret plejepraksis gennem klasseundervisning og anvendte studier.<\/p><\/details><details><summary style=\"cursor: pointer; color: #0bbce4;\"><u>\u27a4 Serien af arbejdsb\u00f8ger til klientgenopretning<\/u><\/summary><p>Client Recovery Workbook Series er et propriet\u00e6rt produkt udviklet af os baseret p\u00e5 evidensbaseret praksis og vores egne erfaringer med behandling. Giver klienter omfattende integreret information om, hvordan de maksimerer deres recovery-oplevelse.<\/p><\/details><details><summary style=\"cursor: pointer; color: #0bbce4;\"><u>\u27a4 Klientstyret behandling<\/u><\/summary><p>Klientstyret behandling, hvor klienterne opfordres til at bestemme tempoet, m\u00e5lene og forl\u00f8bet af behandlingen og behandles som partnere i stedet for subjekter i recovery-processen.<\/p><\/details><\/div>\n\t\t\t\t\t\t\t<\/div>\n\t\t<\/div>\n\t\t\t\t<\/div>\n\t\t\t\t<\/div>\n\t\t\t\t<div class=\"elementor-element elementor-element-87390b7 elementor-widget elementor-widget-heading\" data-id=\"87390b7\" data-element_type=\"widget\" data-widget_type=\"heading.default\">\n\t\t\t\t<div class=\"elementor-widget-container\">\n\t\t\t<h2 class=\"elementor-heading-title elementor-size-default\"><font size=\"5\">Vores mest popul\u00e6re emner p\u00e5 Dualdiagnosis.org<\/font><\/h2>\t\t<\/div>\n\t\t\t\t<\/div>\n\t\t\t\t\t<\/div>\n\t\t<\/div>\n\t\t\t\t\t<\/div>\n\t\t<\/section>\n\t\t\t\t<section class=\"elementor-section elementor-top-section elementor-element elementor-element-8025dbf elementor-section-boxed elementor-section-height-default elementor-section-height-default\" data-id=\"8025dbf\" data-element_type=\"section\">\n\t\t\t\t\t\t<div class=\"elementor-container elementor-column-gap-default\">\n\t\t\t\t\t<div class=\"elementor-column elementor-col-100 elementor-top-column elementor-element elementor-element-54900a1\" data-id=\"54900a1\" data-element_type=\"column\">\n\t\t\t<div class=\"elementor-widget-wrap elementor-element-populated\">\n\t\t\t\t\t\t<section class=\"elementor-section elementor-inner-section elementor-element elementor-element-da5e147 elementor-section-boxed elementor-section-height-default elementor-section-height-default\" data-id=\"da5e147\" data-element_type=\"section\">\n\t\t\t\t\t\t<div class=\"elementor-container elementor-column-gap-default\">\n\t\t\t\t\t<div class=\"elementor-column elementor-col-50 elementor-inner-column elementor-element elementor-element-9363dd7\" data-id=\"9363dd7\" data-element_type=\"column\">\n\t\t\t<div class=\"elementor-widget-wrap elementor-element-populated\">\n\t\t\t\t\t\t<div class=\"elementor-element elementor-element-62176fb elementor-widget elementor-widget-text-editor\" data-id=\"62176fb\" data-element_type=\"widget\" data-widget_type=\"text-editor.default\">\n\t\t\t\t<div class=\"elementor-widget-container\">\n\t\t\t\t\t\t\t<p><a title=\"KetoXplode frugtgummi i test: anmeldelser, oplevelser og selvtest 2023\" href=\"https:\/\/dualdiagnosis.org\/da\/tab-dig\/ketoxplode-gummies\/\" target=\"_blank\" rel=\"noopener\">KetoXplode Gummies vurdering<\/a><\/p><p><a href=\"https:\/\/dualdiagnosis.org\/da\/tab-dig\/slimming-gummies\/\">LB Slimming Gummies Udtalelse<\/a><\/p>\t\t\t\t\t\t<\/div>\n\t\t\t\t<\/div>\n\t\t\t\t\t<\/div>\n\t\t<\/div>\n\t\t\t\t<div class=\"elementor-column elementor-col-50 elementor-inner-column elementor-element elementor-element-3e710ac\" data-id=\"3e710ac\" data-element_type=\"column\">\n\t\t\t<div class=\"elementor-widget-wrap\">\n\t\t\t\t\t\t\t<\/div>\n\t\t<\/div>\n\t\t\t\t\t<\/div>\n\t\t<\/section>\n\t\t\t\t\t<\/div>\n\t\t<\/div>\n\t\t\t\t\t<\/div>\n\t\t<\/section>\n\t\t\t\t<section class=\"elementor-section elementor-top-section elementor-element elementor-element-5e7b173 elementor-section-boxed elementor-section-height-default elementor-section-height-default\" data-id=\"5e7b173\" data-element_type=\"section\">\n\t\t\t\t\t\t<div class=\"elementor-container elementor-column-gap-default\">\n\t\t\t\t\t<div class=\"elementor-column elementor-col-100 elementor-top-column elementor-element elementor-element-99e82d4\" data-id=\"99e82d4\" data-element_type=\"column\">\n\t\t\t<div class=\"elementor-widget-wrap elementor-element-populated\">\n\t\t\t\t\t\t<div class=\"elementor-element elementor-element-55e469c elementor-widget-divider--view-line elementor-widget elementor-widget-divider\" data-id=\"55e469c\" data-element_type=\"widget\" data-widget_type=\"divider.default\">\n\t\t\t\t<div class=\"elementor-widget-container\">\n\t\t\t\t\t<div class=\"elementor-divider\">\n\t\t\t<span class=\"elementor-divider-separator\">\n\t\t\t\t\t\t<\/span>\n\t\t<\/div>\n\t\t\t\t<\/div>\n\t\t\t\t<\/div>\n\t\t\t\t\t<\/div>\n\t\t<\/div>\n\t\t\t\t\t<\/div>\n\t\t<\/section>\n\t\t\t\t<\/div>\n\t\t","protected":false},"excerpt":{"rendered":"<p>\u00a0 Behandling af dobbeltdiagnose Find vigtig information, der hj\u00e6lper med at afmystificere dobbeltdiagnose og g\u00f8r det lettere for dig at finde den rette behandling. F\u00e5 mere at vide\u00a0\u00a0 \u00a0 BEHANDLINGSCENTRE Alle Foundations Recovery Networks behandlingscentre er designet til at tilbyde den mest effektive behandling af afh\u00e6ngighed og samtidige lidelser. F\u00e5 mere at vide\u00a0\u00a0 45% af &#8230; <a title=\"Forside | Dobbeltdiagnose\" class=\"read-more\" href=\"https:\/\/dualdiagnosis.org\/da\/forside-dobbeltdiagnose\/\" aria-label=\"More on Forside | Dobbeltdiagnose\">L\u00e6s Mere<\/a><\/p>\n","protected":false},"author":5,"featured_media":0,"parent":0,"menu_order":0,"comment_status":"closed","ping_status":"closed","template":"elementor_header_footer","meta":{"footnotes":""},"class_list":["post-122840","page","type-page","status-publish"],"yoast_head":"<!-- This site is optimized with the Yoast SEO plugin v23.0 - https:\/\/yoast.com\/wordpress\/plugins\/seo\/ -->\n<title>Forside | Dobbeltdiagnose<\/title>\n<meta name=\"description\" content=\"L\u00e6r om alle de forskellige samtidige psykiske lidelser og stofmisbrug. Ressourcer. Find autoritative ressourcer om dobbeltdiagnose og integreret...\" \/>\n<meta name=\"robots\" content=\"index, follow, max-snippet:-1, max-image-preview:large, max-video-preview:-1\" \/>\n<link rel=\"canonical\" href=\"https:\/\/dualdiagnosis.org\/da\/\" \/>\n<meta name=\"twitter:label1\" content=\"Estimeret l\u00e6setid\" \/>\n\t<meta name=\"twitter:data1\" content=\"4 minutter\" \/>\n<script type=\"application\/ld+json\" class=\"yoast-schema-graph\">{\"@context\":\"https:\/\/schema.org\",\"@graph\":[{\"@type\":\"WebPage\",\"@id\":\"https:\/\/dualdiagnosis.org\/da\/\",\"url\":\"https:\/\/dualdiagnosis.org\/da\/\",\"name\":\"Forside | Dobbeltdiagnose\",\"isPartOf\":{\"@id\":\"https:\/\/dualdiagnosis.org\/de\/#website\"},\"primaryImageOfPage\":{\"@id\":\"https:\/\/dualdiagnosis.org\/da\/#primaryimage\"},\"image\":{\"@id\":\"https:\/\/dualdiagnosis.org\/da\/#primaryimage\"},\"thumbnailUrl\":\"https:\/\/dualdiagnosis.org\/wp-content\/uploads\/2021\/03\/thinking-woman-239x300.png\",\"datePublished\":\"2023-06-14T05:36:32+00:00\",\"dateModified\":\"2023-06-19T12:38:26+00:00\",\"description\":\"L\u00e6r om alle de forskellige samtidige psykiske lidelser og stofmisbrug. Ressourcer. Find autoritative ressourcer om dobbeltdiagnose og integreret...\",\"breadcrumb\":{\"@id\":\"https:\/\/dualdiagnosis.org\/da\/#breadcrumb\"},\"inLanguage\":\"da-DK\",\"potentialAction\":[{\"@type\":\"ReadAction\",\"target\":[\"https:\/\/dualdiagnosis.org\/da\/\"]}]},{\"@type\":\"ImageObject\",\"inLanguage\":\"da-DK\",\"@id\":\"https:\/\/dualdiagnosis.org\/da\/#primaryimage\",\"url\":\"https:\/\/dualdiagnosis.org\/wp-content\/uploads\/2021\/03\/thinking-woman-239x300.png\",\"contentUrl\":\"https:\/\/dualdiagnosis.org\/wp-content\/uploads\/2021\/03\/thinking-woman-239x300.png\"},{\"@type\":\"BreadcrumbList\",\"@id\":\"https:\/\/dualdiagnosis.org\/da\/#breadcrumb\",\"itemListElement\":[{\"@type\":\"ListItem\",\"position\":1,\"name\":\"Home\",\"item\":\"https:\/\/dualdiagnosis.org\/de\/\"},{\"@type\":\"ListItem\",\"position\":2,\"name\":\"Forside | Dobbeltdiagnose\"}]},{\"@type\":\"WebSite\",\"@id\":\"https:\/\/dualdiagnosis.org\/de\/#website\",\"url\":\"https:\/\/dualdiagnosis.org\/de\/\",\"name\":\"Dualdiagnosis.org\",\"description\":\"Dual Diagnosis: Home\",\"publisher\":{\"@id\":\"https:\/\/dualdiagnosis.org\/de\/#organization\"},\"potentialAction\":[{\"@type\":\"SearchAction\",\"target\":{\"@type\":\"EntryPoint\",\"urlTemplate\":\"https:\/\/dualdiagnosis.org\/de\/?s={search_term_string}\"},\"query-input\":\"required name=search_term_string\"}],\"inLanguage\":\"da-DK\"},{\"@type\":\"Organization\",\"@id\":\"https:\/\/dualdiagnosis.org\/de\/#organization\",\"name\":\"Foundations Recovery Network\",\"url\":\"https:\/\/dualdiagnosis.org\/de\/\",\"logo\":{\"@type\":\"ImageObject\",\"inLanguage\":\"da-DK\",\"@id\":\"https:\/\/dualdiagnosis.org\/de\/#\/schema\/logo\/image\/\",\"url\":\"https:\/\/dualdiagnosis.org\/wp-content\/uploads\/2021\/03\/Dualdiagnosis-Logo.png\",\"contentUrl\":\"https:\/\/dualdiagnosis.org\/wp-content\/uploads\/2021\/03\/Dualdiagnosis-Logo.png\",\"width\":1150,\"height\":264,\"caption\":\"Foundations Recovery Network\"},\"image\":{\"@id\":\"https:\/\/dualdiagnosis.org\/de\/#\/schema\/logo\/image\/\"},\"sameAs\":[\"https:\/\/www.facebook.com\/Dual-Diagnosis-100246328793889\",\"https:\/\/x.com\/DiagnosisDual\"]}]}<\/script>\n<!-- \/ Yoast SEO plugin. -->","yoast_head_json":{"title":"Forside | Dobbeltdiagnose","description":"L\u00e6r om alle de forskellige samtidige psykiske lidelser og stofmisbrug. Ressourcer. Find autoritative ressourcer om dobbeltdiagnose og integreret...","robots":{"index":"index","follow":"follow","max-snippet":"max-snippet:-1","max-image-preview":"max-image-preview:large","max-video-preview":"max-video-preview:-1"},"canonical":"https:\/\/dualdiagnosis.org\/da\/","twitter_misc":{"Estimeret l\u00e6setid":"4 minutter"},"schema":{"@context":"https:\/\/schema.org","@graph":[{"@type":"WebPage","@id":"https:\/\/dualdiagnosis.org\/da\/","url":"https:\/\/dualdiagnosis.org\/da\/","name":"Forside | Dobbeltdiagnose","isPartOf":{"@id":"https:\/\/dualdiagnosis.org\/de\/#website"},"primaryImageOfPage":{"@id":"https:\/\/dualdiagnosis.org\/da\/#primaryimage"},"image":{"@id":"https:\/\/dualdiagnosis.org\/da\/#primaryimage"},"thumbnailUrl":"https:\/\/dualdiagnosis.org\/wp-content\/uploads\/2021\/03\/thinking-woman-239x300.png","datePublished":"2023-06-14T05:36:32+00:00","dateModified":"2023-06-19T12:38:26+00:00","description":"L\u00e6r om alle de forskellige samtidige psykiske lidelser og stofmisbrug. Ressourcer. Find autoritative ressourcer om dobbeltdiagnose og integreret...","breadcrumb":{"@id":"https:\/\/dualdiagnosis.org\/da\/#breadcrumb"},"inLanguage":"da-DK","potentialAction":[{"@type":"ReadAction","target":["https:\/\/dualdiagnosis.org\/da\/"]}]},{"@type":"ImageObject","inLanguage":"da-DK","@id":"https:\/\/dualdiagnosis.org\/da\/#primaryimage","url":"https:\/\/dualdiagnosis.org\/wp-content\/uploads\/2021\/03\/thinking-woman-239x300.png","contentUrl":"https:\/\/dualdiagnosis.org\/wp-content\/uploads\/2021\/03\/thinking-woman-239x300.png"},{"@type":"BreadcrumbList","@id":"https:\/\/dualdiagnosis.org\/da\/#breadcrumb","itemListElement":[{"@type":"ListItem","position":1,"name":"Home","item":"https:\/\/dualdiagnosis.org\/de\/"},{"@type":"ListItem","position":2,"name":"Forside | Dobbeltdiagnose"}]},{"@type":"WebSite","@id":"https:\/\/dualdiagnosis.org\/de\/#website","url":"https:\/\/dualdiagnosis.org\/de\/","name":"Dualdiagnosis.org","description":"Dual Diagnosis: Home","publisher":{"@id":"https:\/\/dualdiagnosis.org\/de\/#organization"},"potentialAction":[{"@type":"SearchAction","target":{"@type":"EntryPoint","urlTemplate":"https:\/\/dualdiagnosis.org\/de\/?s={search_term_string}"},"query-input":"required name=search_term_string"}],"inLanguage":"da-DK"},{"@type":"Organization","@id":"https:\/\/dualdiagnosis.org\/de\/#organization","name":"Foundations Recovery Network","url":"https:\/\/dualdiagnosis.org\/de\/","logo":{"@type":"ImageObject","inLanguage":"da-DK","@id":"https:\/\/dualdiagnosis.org\/de\/#\/schema\/logo\/image\/","url":"https:\/\/dualdiagnosis.org\/wp-content\/uploads\/2021\/03\/Dualdiagnosis-Logo.png","contentUrl":"https:\/\/dualdiagnosis.org\/wp-content\/uploads\/2021\/03\/Dualdiagnosis-Logo.png","width":1150,"height":264,"caption":"Foundations Recovery Network"},"image":{"@id":"https:\/\/dualdiagnosis.org\/de\/#\/schema\/logo\/image\/"},"sameAs":["https:\/\/www.facebook.com\/Dual-Diagnosis-100246328793889","https:\/\/x.com\/DiagnosisDual"]}]}},"_links":{"self":[{"href":"https:\/\/dualdiagnosis.org\/da\/wp-json\/wp\/v2\/pages\/122840","targetHints":{"allow":["GET"]}}],"collection":[{"href":"https:\/\/dualdiagnosis.org\/da\/wp-json\/wp\/v2\/pages"}],"about":[{"href":"https:\/\/dualdiagnosis.org\/da\/wp-json\/wp\/v2\/types\/page"}],"author":[{"embeddable":true,"href":"https:\/\/dualdiagnosis.org\/da\/wp-json\/wp\/v2\/users\/5"}],"replies":[{"embeddable":true,"href":"https:\/\/dualdiagnosis.org\/da\/wp-json\/wp\/v2\/comments?post=122840"}],"version-history":[{"count":0,"href":"https:\/\/dualdiagnosis.org\/da\/wp-json\/wp\/v2\/pages\/122840\/revisions"}],"wp:attachment":[{"href":"https:\/\/dualdiagnosis.org\/da\/wp-json\/wp\/v2\/media?parent=122840"}],"curies":[{"name":"wp","href":"https:\/\/api.w.org\/{rel}","templated":true}]}}