{"id":31107,"date":"2021-11-14T19:49:05","date_gmt":"2021-11-14T16:49:05","guid":{"rendered":"https:\/\/dualdiagnosis.org\/?page_id=31107"},"modified":"2021-11-17T03:40:40","modified_gmt":"2021-11-17T00:40:40","slug":"nina-koehler-medizinischer-gutachter-und-ausgebildete-aerztin","status":"publish","type":"page","link":"https:\/\/dualdiagnosis.org\/de\/author\/nina-koehler\/","title":{"rendered":"Nina K\u00f6hler medizinischer Gutachter und ausgebildete \u00c4rztin"},"content":{"rendered":"\t\t<div data-elementor-type=\"wp-page\" data-elementor-id=\"31107\" class=\"elementor elementor-31107\">\n\t\t\t\t\t\t<section class=\"elementor-section elementor-top-section elementor-element elementor-element-f83d71d elementor-section-boxed elementor-section-height-default elementor-section-height-default\" data-id=\"f83d71d\" data-element_type=\"section\">\n\t\t\t\t\t\t<div class=\"elementor-container elementor-column-gap-default\">\n\t\t\t\t\t<div class=\"elementor-column elementor-col-50 elementor-top-column elementor-element elementor-element-709fb07\" data-id=\"709fb07\" data-element_type=\"column\">\n\t\t\t<div class=\"elementor-widget-wrap elementor-element-populated\">\n\t\t\t\t\t\t<div class=\"elementor-element elementor-element-69fb714 elementor-widget elementor-widget-image\" data-id=\"69fb714\" data-element_type=\"widget\" data-widget_type=\"image.default\">\n\t\t\t\t<div class=\"elementor-widget-container\">\n\t\t\t\t\t\t\t\t\t\t\t\t\t<img decoding=\"async\" width=\"150\" height=\"150\" src=\"https:\/\/dualdiagnosis.org\/wp-content\/uploads\/2021\/11\/Nina-Koehler.jpg\" class=\"attachment-large size-large wp-image-31134\" alt=\"Nina Koehler\" \/>\t\t\t\t\t\t\t\t\t\t\t\t\t<\/div>\n\t\t\t\t<\/div>\n\t\t\t\t<div class=\"elementor-element elementor-element-3da30c5 elementor-shape-rounded elementor-grid-0 e-grid-align-center elementor-widget elementor-widget-social-icons\" data-id=\"3da30c5\" data-element_type=\"widget\" data-widget_type=\"social-icons.default\">\n\t\t\t\t<div class=\"elementor-widget-container\">\n\t\t\t\t\t<div class=\"elementor-social-icons-wrapper elementor-grid\">\n\t\t\t\t\t\t\t<span class=\"elementor-grid-item\">\n\t\t\t\t\t<a class=\"elementor-icon elementor-social-icon elementor-social-icon-linkedin elementor-repeater-item-4f3af98\" href=\"https:\/\/www.linkedin.com\/in\/nina-koehler-283a7b10b\/\" target=\"_blank\" rel=\"nofollow\">\n\t\t\t\t\t\t<span class=\"elementor-screen-only\">Linkedin<\/span>\n\t\t\t\t\t\t<i class=\"fab fa-linkedin\"><\/i>\t\t\t\t\t<\/a>\n\t\t\t\t<\/span>\n\t\t\t\t\t<\/div>\n\t\t\t\t<\/div>\n\t\t\t\t<\/div>\n\t\t\t\t\t<\/div>\n\t\t<\/div>\n\t\t\t\t<div class=\"elementor-column elementor-col-50 elementor-top-column elementor-element elementor-element-9b647aa\" data-id=\"9b647aa\" data-element_type=\"column\">\n\t\t\t<div class=\"elementor-widget-wrap elementor-element-populated\">\n\t\t\t\t\t\t<div class=\"elementor-element elementor-element-b3aacd7 elementor-widget elementor-widget-text-editor\" data-id=\"b3aacd7\" data-element_type=\"widget\" data-widget_type=\"text-editor.default\">\n\t\t\t\t<div class=\"elementor-widget-container\">\n\t\t\t\t\t\t\t<p>Nina K\u00f6hler ist eine in den vereinigen Staaten ausgebildete \u00c4rztin, die derzeit in Teilzeit in den Bereichen Geburtshilfe, Gyn\u00e4kologie und sexuelle und reproduktive Gesundheit arbeitet. Au\u00dferdem arbeitet sie in Teilzeit als Freiberuflerin und redigiert und verfasst gesundheitsbezogene Artikel, stellt schriftliche und videobasierte Inhalte f\u00fcr die medizinische Fortbildung bereit und h\u00e4lt Vortr\u00e4ge und Schulungen.<\/p>\t\t\t\t\t\t<\/div>\n\t\t\t\t<\/div>\n\t\t\t\t<div class=\"elementor-element elementor-element-60edad1 elementor-widget-divider--view-line elementor-widget elementor-widget-divider\" data-id=\"60edad1\" data-element_type=\"widget\" data-widget_type=\"divider.default\">\n\t\t\t\t<div class=\"elementor-widget-container\">\n\t\t\t\t\t<div class=\"elementor-divider\">\n\t\t\t<span class=\"elementor-divider-separator\">\n\t\t\t\t\t\t<\/span>\n\t\t<\/div>\n\t\t\t\t<\/div>\n\t\t\t\t<\/div>\n\t\t\t\t\t<\/div>\n\t\t<\/div>\n\t\t\t\t\t<\/div>\n\t\t<\/section>\n\t\t\t\t<section class=\"elementor-section elementor-top-section elementor-element elementor-element-98fc69d elementor-section-boxed elementor-section-height-default elementor-section-height-default\" data-id=\"98fc69d\" data-element_type=\"section\">\n\t\t\t\t\t\t<div class=\"elementor-container elementor-column-gap-default\">\n\t\t\t\t\t<div class=\"elementor-column elementor-col-100 elementor-top-column elementor-element elementor-element-6f35d06d\" data-id=\"6f35d06d\" data-element_type=\"column\">\n\t\t\t<div class=\"elementor-widget-wrap elementor-element-populated\">\n\t\t\t\t\t\t<div class=\"elementor-element elementor-element-38015850 elementor-widget elementor-widget-text-editor\" data-id=\"38015850\" data-element_type=\"widget\" data-widget_type=\"text-editor.default\">\n\t\t\t\t<div class=\"elementor-widget-container\">\n\t\t\t\t\t\t\t<h3><span style=\"color: #000000;\"><strong>Werdegang<\/strong><\/span><\/h3>\t\t\t\t\t\t<\/div>\n\t\t\t\t<\/div>\n\t\t\t\t<div class=\"elementor-element elementor-element-291fb2cc elementor-widget-divider--separator-type-pattern elementor-widget-divider--no-spacing elementor-widget-divider--view-line elementor-widget elementor-widget-divider\" data-id=\"291fb2cc\" data-element_type=\"widget\" data-widget_type=\"divider.default\">\n\t\t\t\t<div class=\"elementor-widget-container\">\n\t\t\t\t\t<div class=\"elementor-divider\" style=\"--divider-pattern-url: url(&quot;data:image\/svg+xml,%3Csvg xmlns=&#039;http:\/\/www.w3.org\/2000\/svg&#039; preserveAspectRatio=&#039;xMidYMid meet&#039; overflow=&#039;visible&#039; height=&#039;100%&#039; viewBox=&#039;0 0 120 26&#039; fill=&#039;black&#039; stroke=&#039;none&#039;%3E%3Cpolygon points=&#039;0,14.4 0,21 11.5,12.4 21.3,20 30.4,11.1 40.3,20 51,12.4 60.6,20 69.6,11.1 79.3,20 90.1,12.4 99.6,20 109.7,11.1 120,21 120,14.4 109.7,5 99.6,13 90.1,5 79.3,14.5 71,5.7 60.6,12.4 51,5 40.3,14.5 31.1,5 21.3,13 11.5,5 \t&#039;\/%3E%3C\/svg%3E&quot;);\">\n\t\t\t<span class=\"elementor-divider-separator\">\n\t\t\t\t\t\t<\/span>\n\t\t<\/div>\n\t\t\t\t<\/div>\n\t\t\t\t<\/div>\n\t\t\t\t\t<\/div>\n\t\t<\/div>\n\t\t\t\t\t<\/div>\n\t\t<\/section>\n\t\t\t\t<section class=\"elementor-section elementor-top-section elementor-element elementor-element-6764bf91 elementor-section-boxed elementor-section-height-default elementor-section-height-default\" data-id=\"6764bf91\" data-element_type=\"section\">\n\t\t\t\t\t\t<div class=\"elementor-container elementor-column-gap-default\">\n\t\t\t\t\t<div class=\"elementor-column elementor-col-100 elementor-top-column elementor-element elementor-element-40cec3db\" data-id=\"40cec3db\" data-element_type=\"column\">\n\t\t\t<div class=\"elementor-widget-wrap elementor-element-populated\">\n\t\t\t\t\t\t<div class=\"elementor-element elementor-element-4aa4bb7b elementor-widget elementor-widget-progress\" data-id=\"4aa4bb7b\" data-element_type=\"widget\" data-widget_type=\"progress.default\">\n\t\t\t\t<div class=\"elementor-widget-container\">\n\t\t\t\t\t\t<span class=\"elementor-title\" id=\"elementor-progress-bar-4aa4bb7b\">\n\t\t\t\t<b>August 2005 \u2013 Mai 2013<\/b>\t\t\t<\/span>\n\t\t\n\t\t<div aria-labelledby=\"elementor-progress-bar-4aa4bb7b\" class=\"elementor-progress-wrapper\" role=\"progressbar\" aria-valuemin=\"0\" aria-valuemax=\"100\" aria-valuenow=\"100\" aria-valuetext=\"100% (&lt;b&gt;Dozent f\u00fcr den Weiterbildungskreis f\u00fcr Psychotherapie&lt;\/b&gt;)\">\n\t\t\t<div class=\"elementor-progress-bar\" data-max=\"100\">\n\t\t\t\t<span class=\"elementor-progress-text\"><b>Dozent f\u00fcr den Weiterbildungskreis f\u00fcr Psychotherapie<\/b><\/span>\n\t\t\t\t\t\t\t<\/div>\n\t\t<\/div>\n\t\t\t\t<\/div>\n\t\t\t\t<\/div>\n\t\t\t\t\t<\/div>\n\t\t<\/div>\n\t\t\t\t\t<\/div>\n\t\t<\/section>\n\t\t\t\t<section class=\"elementor-section elementor-top-section elementor-element elementor-element-7bba20b7 elementor-section-boxed elementor-section-height-default elementor-section-height-default\" data-id=\"7bba20b7\" data-element_type=\"section\">\n\t\t\t\t\t\t<div class=\"elementor-container elementor-column-gap-default\">\n\t\t\t\t\t<div class=\"elementor-column elementor-col-100 elementor-top-column elementor-element elementor-element-365c8a4e\" data-id=\"365c8a4e\" data-element_type=\"column\">\n\t\t\t<div class=\"elementor-widget-wrap elementor-element-populated\">\n\t\t\t\t\t\t<div class=\"elementor-element elementor-element-30047d71 elementor-widget elementor-widget-progress\" data-id=\"30047d71\" data-element_type=\"widget\" data-widget_type=\"progress.default\">\n\t\t\t\t<div class=\"elementor-widget-container\">\n\t\t\t\t\t\t<span class=\"elementor-title\" id=\"elementor-progress-bar-30047d71\">\n\t\t\t\t<b>M\u00e4rz 1996 \u2013 Oktober 2003<\/b>\t\t\t<\/span>\n\t\t\n\t\t<div aria-labelledby=\"elementor-progress-bar-30047d71\" class=\"elementor-progress-wrapper\" role=\"progressbar\" aria-valuemin=\"0\" aria-valuemax=\"100\" aria-valuenow=\"100\" aria-valuetext=\"100% (&lt;b&gt;Klinisch internistische T\u00e4tigkeit&lt;\/b&gt;)\">\n\t\t\t<div class=\"elementor-progress-bar\" data-max=\"100\">\n\t\t\t\t<span class=\"elementor-progress-text\"><b>Klinisch internistische T\u00e4tigkeit<\/b><\/span>\n\t\t\t\t\t\t\t<\/div>\n\t\t<\/div>\n\t\t\t\t<\/div>\n\t\t\t\t<\/div>\n\t\t\t\t<div class=\"elementor-element elementor-element-77803530 elementor-widget elementor-widget-progress\" data-id=\"77803530\" data-element_type=\"widget\" data-settings=\"{&quot;_animation&quot;:&quot;none&quot;}\" data-widget_type=\"progress.default\">\n\t\t\t\t<div class=\"elementor-widget-container\">\n\t\t\t\t\t\t<span class=\"elementor-title\" id=\"elementor-progress-bar-77803530\">\n\t\t\t\t<b>Mai 2019 \u2013 Present<\/b>\t\t\t<\/span>\n\t\t\n\t\t<div aria-labelledby=\"elementor-progress-bar-77803530\" class=\"elementor-progress-wrapper\" role=\"progressbar\" aria-valuemin=\"0\" aria-valuemax=\"100\" aria-valuenow=\"100\" aria-valuetext=\"100% (&lt;b&gt;Teilzeit Fachkraft f\u00fcr reproduktive Gesundheit&lt;\/b&gt;)\">\n\t\t\t<div class=\"elementor-progress-bar\" data-max=\"100\">\n\t\t\t\t<span class=\"elementor-progress-text\"><b>Teilzeit Fachkraft f\u00fcr reproduktive Gesundheit<\/b><\/span>\n\t\t\t\t\t\t\t<\/div>\n\t\t<\/div>\n\t\t\t\t<\/div>\n\t\t\t\t<\/div>\n\t\t\t\t\t<\/div>\n\t\t<\/div>\n\t\t\t\t\t<\/div>\n\t\t<\/section>\n\t\t\t\t<section class=\"elementor-section elementor-top-section elementor-element elementor-element-6f1218d6 elementor-section-boxed elementor-section-height-default elementor-section-height-default\" data-id=\"6f1218d6\" data-element_type=\"section\">\n\t\t\t\t\t\t<div class=\"elementor-container elementor-column-gap-default\">\n\t\t\t\t\t<div class=\"elementor-column elementor-col-100 elementor-top-column elementor-element elementor-element-65a3a8e4\" data-id=\"65a3a8e4\" data-element_type=\"column\">\n\t\t\t<div class=\"elementor-widget-wrap elementor-element-populated\">\n\t\t\t\t\t\t<div class=\"elementor-element elementor-element-3ee52b72 elementor-widget elementor-widget-progress\" data-id=\"3ee52b72\" data-element_type=\"widget\" data-widget_type=\"progress.default\">\n\t\t\t\t<div class=\"elementor-widget-container\">\n\t\t\t\t\t\t<span class=\"elementor-title\" id=\"elementor-progress-bar-3ee52b72\">\n\t\t\t\t<b>Februar 1989<\/b>\t\t\t<\/span>\n\t\t\n\t\t<div aria-labelledby=\"elementor-progress-bar-3ee52b72\" class=\"elementor-progress-wrapper\" role=\"progressbar\" aria-valuemin=\"0\" aria-valuemax=\"100\" aria-valuenow=\"100\" aria-valuetext=\"100% (&lt;b&gt;Medizinische Approbation&lt;\/b&gt;)\">\n\t\t\t<div class=\"elementor-progress-bar\" data-max=\"100\">\n\t\t\t\t<span class=\"elementor-progress-text\"><b>Medizinische Approbation<\/b><\/span>\n\t\t\t\t\t\t\t<\/div>\n\t\t<\/div>\n\t\t\t\t<\/div>\n\t\t\t\t<\/div>\n\t\t\t\t\t<\/div>\n\t\t<\/div>\n\t\t\t\t\t<\/div>\n\t\t<\/section>\n\t\t\t\t<\/div>\n\t\t","protected":false},"excerpt":{"rendered":"<p>Linkedin Nina K\u00f6hler ist eine in den vereinigen Staaten ausgebildete \u00c4rztin, die derzeit in Teilzeit in den Bereichen Geburtshilfe, Gyn\u00e4kologie und sexuelle und reproduktive Gesundheit arbeitet. Au\u00dferdem arbeitet sie in Teilzeit als Freiberuflerin und redigiert und verfasst gesundheitsbezogene Artikel, stellt schriftliche und videobasierte Inhalte f\u00fcr die medizinische Fortbildung bereit und h\u00e4lt Vortr\u00e4ge und Schulungen. Werdegang &#8230; <a title=\"Nina K\u00f6hler medizinischer Gutachter und ausgebildete \u00c4rztin\" class=\"read-more\" href=\"https:\/\/dualdiagnosis.org\/de\/author\/nina-koehler\/\" aria-label=\"Mehr zu Nina K\u00f6hler medizinischer Gutachter und ausgebildete \u00c4rztin\">Weiterlesen &#8230;<\/a><\/p>\n","protected":false},"author":5,"featured_media":0,"parent":0,"menu_order":0,"comment_status":"closed","ping_status":"closed","template":"","meta":{"footnotes":""},"class_list":["post-31107","page","type-page","status-publish"],"yoast_head":"<!-- This site is optimized with the Yoast SEO plugin v23.0 - https:\/\/yoast.com\/wordpress\/plugins\/seo\/ -->\n<title>Nina K\u00f6hler medizinischer Gutachter und ausgebildete \u00c4rztin - Dualdiagnosis.org<\/title>\n<meta name=\"robots\" content=\"index, follow, max-snippet:-1, max-image-preview:large, max-video-preview:-1\" \/>\n<link rel=\"canonical\" href=\"https:\/\/dualdiagnosis.org\/de\/author\/nina-koehler\/\" \/>\n<meta name=\"twitter:label1\" content=\"Gesch\u00e4tzte Lesezeit\" \/>\n\t<meta name=\"twitter:data1\" content=\"1\u00a0Minute\" \/>\n<script type=\"application\/ld+json\" class=\"yoast-schema-graph\">{\"@context\":\"https:\/\/schema.org\",\"@graph\":[{\"@type\":\"WebPage\",\"@id\":\"https:\/\/dualdiagnosis.org\/de\/author\/nina-koehler\/\",\"url\":\"https:\/\/dualdiagnosis.org\/de\/author\/nina-koehler\/\",\"name\":\"Nina K\u00f6hler medizinischer Gutachter und ausgebildete \u00c4rztin - Dualdiagnosis.org\",\"isPartOf\":{\"@id\":\"https:\/\/dualdiagnosis.org\/de\/#website\"},\"primaryImageOfPage\":{\"@id\":\"https:\/\/dualdiagnosis.org\/de\/author\/nina-koehler\/#primaryimage\"},\"image\":{\"@id\":\"https:\/\/dualdiagnosis.org\/de\/author\/nina-koehler\/#primaryimage\"},\"thumbnailUrl\":\"https:\/\/dualdiagnosis.org\/wp-content\/uploads\/2021\/11\/Nina-Koehler.jpg\",\"datePublished\":\"2021-11-14T16:49:05+00:00\",\"dateModified\":\"2021-11-17T00:40:40+00:00\",\"breadcrumb\":{\"@id\":\"https:\/\/dualdiagnosis.org\/de\/author\/nina-koehler\/#breadcrumb\"},\"inLanguage\":\"de\",\"potentialAction\":[{\"@type\":\"ReadAction\",\"target\":[\"https:\/\/dualdiagnosis.org\/de\/author\/nina-koehler\/\"]}]},{\"@type\":\"ImageObject\",\"inLanguage\":\"de\",\"@id\":\"https:\/\/dualdiagnosis.org\/de\/author\/nina-koehler\/#primaryimage\",\"url\":\"https:\/\/dualdiagnosis.org\/wp-content\/uploads\/2021\/11\/Nina-Koehler.jpg\",\"contentUrl\":\"https:\/\/dualdiagnosis.org\/wp-content\/uploads\/2021\/11\/Nina-Koehler.jpg\"},{\"@type\":\"BreadcrumbList\",\"@id\":\"https:\/\/dualdiagnosis.org\/de\/author\/nina-koehler\/#breadcrumb\",\"itemListElement\":[{\"@type\":\"ListItem\",\"position\":1,\"name\":\"Home\",\"item\":\"https:\/\/dualdiagnosis.org\/de\/\"},{\"@type\":\"ListItem\",\"position\":2,\"name\":\"Nina K\u00f6hler medizinischer Gutachter und ausgebildete \u00c4rztin\"}]},{\"@type\":\"WebSite\",\"@id\":\"https:\/\/dualdiagnosis.org\/de\/#website\",\"url\":\"https:\/\/dualdiagnosis.org\/de\/\",\"name\":\"Dualdiagnosis.org\",\"description\":\"Dual Diagnosis: Home\",\"publisher\":{\"@id\":\"https:\/\/dualdiagnosis.org\/de\/#organization\"},\"potentialAction\":[{\"@type\":\"SearchAction\",\"target\":{\"@type\":\"EntryPoint\",\"urlTemplate\":\"https:\/\/dualdiagnosis.org\/de\/?s={search_term_string}\"},\"query-input\":\"required name=search_term_string\"}],\"inLanguage\":\"de\"},{\"@type\":\"Organization\",\"@id\":\"https:\/\/dualdiagnosis.org\/de\/#organization\",\"name\":\"Foundations Recovery Network\",\"url\":\"https:\/\/dualdiagnosis.org\/de\/\",\"logo\":{\"@type\":\"ImageObject\",\"inLanguage\":\"de\",\"@id\":\"https:\/\/dualdiagnosis.org\/de\/#\/schema\/logo\/image\/\",\"url\":\"https:\/\/dualdiagnosis.org\/wp-content\/uploads\/2021\/03\/Dualdiagnosis-Logo.png\",\"contentUrl\":\"https:\/\/dualdiagnosis.org\/wp-content\/uploads\/2021\/03\/Dualdiagnosis-Logo.png\",\"width\":1150,\"height\":264,\"caption\":\"Foundations Recovery Network\"},\"image\":{\"@id\":\"https:\/\/dualdiagnosis.org\/de\/#\/schema\/logo\/image\/\"},\"sameAs\":[\"https:\/\/www.facebook.com\/Dual-Diagnosis-100246328793889\",\"https:\/\/x.com\/DiagnosisDual\"]}]}<\/script>\n<!-- \/ Yoast SEO plugin. -->","yoast_head_json":{"title":"Nina K\u00f6hler medizinischer Gutachter und ausgebildete \u00c4rztin - Dualdiagnosis.org","robots":{"index":"index","follow":"follow","max-snippet":"max-snippet:-1","max-image-preview":"max-image-preview:large","max-video-preview":"max-video-preview:-1"},"canonical":"https:\/\/dualdiagnosis.org\/de\/author\/nina-koehler\/","twitter_misc":{"Gesch\u00e4tzte Lesezeit":"1\u00a0Minute"},"schema":{"@context":"https:\/\/schema.org","@graph":[{"@type":"WebPage","@id":"https:\/\/dualdiagnosis.org\/de\/author\/nina-koehler\/","url":"https:\/\/dualdiagnosis.org\/de\/author\/nina-koehler\/","name":"Nina K\u00f6hler medizinischer Gutachter und ausgebildete \u00c4rztin - Dualdiagnosis.org","isPartOf":{"@id":"https:\/\/dualdiagnosis.org\/de\/#website"},"primaryImageOfPage":{"@id":"https:\/\/dualdiagnosis.org\/de\/author\/nina-koehler\/#primaryimage"},"image":{"@id":"https:\/\/dualdiagnosis.org\/de\/author\/nina-koehler\/#primaryimage"},"thumbnailUrl":"https:\/\/dualdiagnosis.org\/wp-content\/uploads\/2021\/11\/Nina-Koehler.jpg","datePublished":"2021-11-14T16:49:05+00:00","dateModified":"2021-11-17T00:40:40+00:00","breadcrumb":{"@id":"https:\/\/dualdiagnosis.org\/de\/author\/nina-koehler\/#breadcrumb"},"inLanguage":"de","potentialAction":[{"@type":"ReadAction","target":["https:\/\/dualdiagnosis.org\/de\/author\/nina-koehler\/"]}]},{"@type":"ImageObject","inLanguage":"de","@id":"https:\/\/dualdiagnosis.org\/de\/author\/nina-koehler\/#primaryimage","url":"https:\/\/dualdiagnosis.org\/wp-content\/uploads\/2021\/11\/Nina-Koehler.jpg","contentUrl":"https:\/\/dualdiagnosis.org\/wp-content\/uploads\/2021\/11\/Nina-Koehler.jpg"},{"@type":"BreadcrumbList","@id":"https:\/\/dualdiagnosis.org\/de\/author\/nina-koehler\/#breadcrumb","itemListElement":[{"@type":"ListItem","position":1,"name":"Home","item":"https:\/\/dualdiagnosis.org\/de\/"},{"@type":"ListItem","position":2,"name":"Nina K\u00f6hler medizinischer Gutachter und ausgebildete \u00c4rztin"}]},{"@type":"WebSite","@id":"https:\/\/dualdiagnosis.org\/de\/#website","url":"https:\/\/dualdiagnosis.org\/de\/","name":"Dualdiagnosis.org","description":"Dual Diagnosis: Home","publisher":{"@id":"https:\/\/dualdiagnosis.org\/de\/#organization"},"potentialAction":[{"@type":"SearchAction","target":{"@type":"EntryPoint","urlTemplate":"https:\/\/dualdiagnosis.org\/de\/?s={search_term_string}"},"query-input":"required name=search_term_string"}],"inLanguage":"de"},{"@type":"Organization","@id":"https:\/\/dualdiagnosis.org\/de\/#organization","name":"Foundations Recovery Network","url":"https:\/\/dualdiagnosis.org\/de\/","logo":{"@type":"ImageObject","inLanguage":"de","@id":"https:\/\/dualdiagnosis.org\/de\/#\/schema\/logo\/image\/","url":"https:\/\/dualdiagnosis.org\/wp-content\/uploads\/2021\/03\/Dualdiagnosis-Logo.png","contentUrl":"https:\/\/dualdiagnosis.org\/wp-content\/uploads\/2021\/03\/Dualdiagnosis-Logo.png","width":1150,"height":264,"caption":"Foundations Recovery Network"},"image":{"@id":"https:\/\/dualdiagnosis.org\/de\/#\/schema\/logo\/image\/"},"sameAs":["https:\/\/www.facebook.com\/Dual-Diagnosis-100246328793889","https:\/\/x.com\/DiagnosisDual"]}]}},"_links":{"self":[{"href":"https:\/\/dualdiagnosis.org\/de\/wp-json\/wp\/v2\/pages\/31107","targetHints":{"allow":["GET"]}}],"collection":[{"href":"https:\/\/dualdiagnosis.org\/de\/wp-json\/wp\/v2\/pages"}],"about":[{"href":"https:\/\/dualdiagnosis.org\/de\/wp-json\/wp\/v2\/types\/page"}],"author":[{"embeddable":true,"href":"https:\/\/dualdiagnosis.org\/de\/wp-json\/wp\/v2\/users\/5"}],"replies":[{"embeddable":true,"href":"https:\/\/dualdiagnosis.org\/de\/wp-json\/wp\/v2\/comments?post=31107"}],"version-history":[{"count":0,"href":"https:\/\/dualdiagnosis.org\/de\/wp-json\/wp\/v2\/pages\/31107\/revisions"}],"wp:attachment":[{"href":"https:\/\/dualdiagnosis.org\/de\/wp-json\/wp\/v2\/media?parent=31107"}],"curies":[{"name":"wp","href":"https:\/\/api.w.org\/{rel}","templated":true}]}}