{"id":31425,"date":"2021-11-16T16:04:32","date_gmt":"2021-11-16T13:04:32","guid":{"rendered":"https:\/\/dualdiagnosis.org\/?page_id=31425"},"modified":"2021-11-17T17:44:00","modified_gmt":"2021-11-17T14:44:00","slug":"ueber-uns","status":"publish","type":"page","link":"https:\/\/dualdiagnosis.org\/de\/ueber-uns\/","title":{"rendered":"\u00dcber Uns"},"content":{"rendered":"\t\t<div data-elementor-type=\"wp-page\" data-elementor-id=\"31425\" class=\"elementor elementor-31425\">\n\t\t\t\t\t\t<section class=\"elementor-section elementor-top-section elementor-element elementor-element-1c5c644d elementor-section-boxed elementor-section-height-default elementor-section-height-default\" data-id=\"1c5c644d\" data-element_type=\"section\">\n\t\t\t\t\t\t<div class=\"elementor-container elementor-column-gap-default\">\n\t\t\t\t\t<div class=\"elementor-column elementor-col-100 elementor-top-column elementor-element elementor-element-16a49ffc\" data-id=\"16a49ffc\" data-element_type=\"column\">\n\t\t\t<div class=\"elementor-widget-wrap elementor-element-populated\">\n\t\t\t\t\t\t<div class=\"elementor-element elementor-element-4520261b elementor-widget elementor-widget-text-editor\" data-id=\"4520261b\" data-element_type=\"widget\" data-widget_type=\"text-editor.default\">\n\t\t\t\t<div class=\"elementor-widget-container\">\n\t\t\t\t\t\t\t<p>Dualdiagnosis.org geh\u00f6rt zu den vertrauensw\u00fcrdigsten medizinischen Quellen im Internet, seit das Portal 1998 gegr\u00fcndet wurde. Das Team wird vom Gr\u00fcnder und Chefredakteur Ben Lesser angef\u00fchrt, der seit fast zwei Jahrzehnten im Bereich der Allgemeinmedizin arbeitet. Unser Team besteht aus \u00c4rzten, Heilpraktikern, Cannabis-Zuchtmeistern und erfahrenen CBD-Konsumenten. Unsere jahrzehntelange Erfahrung in den verschiedenen Facetten der Gesundheitsindustrie ist ein aussagekr\u00e4ftiger Punkt daf\u00fcr, dass bei uns ausschlie\u00dflich echte Experten berichten.<\/p><p>Wir sind der Meinung, dass Verbraucher vor allem bei Gesundheitsprodukten das Recht haben, ihre Kaufentscheidungen auf der Grundlage von Fakten zu treffen und sich nicht von attraktiven Werbeslogans manipulieren zu lassen. Indem wir der ungefilterten Wahrheit nachsp\u00fcren und Produkte selbst testen, schaffen wir Inhalte, die unsere Leser in die Lage versetzen, gut informiert Produkte zu erwerben, die Ihr Leben verbessern k\u00f6nnen.<\/p><h2>Unsere Vision<\/h2><p>Wir bieten evidenzbasierte Bewertungen von Gesundheitsprodukten, geschrieben von echten Gesundheitsexperten.<\/p><p>Wir arbeiten ausschlie\u00dflich mit angesehenen Gesundheitsexperten zusammen, um objektive Produktbewertungen zu erstellen, die Ihnen dabei helfen, mit genau den Unternehmen in Kontakt zu treten, die mit Ihren Werten und Zielen \u00fcbereinstimmen.<\/p><h2>Unser redaktioneller Prozess<\/h2><p>Unser fachkundiges Autorenteam befasst sich zun\u00e4chst eingehend mit jedem Produkt, das wir bewerten.<\/p><p>Wir nutzen gr\u00fcndliche Recherchen und unsere berufliche Erfahrung, um eine leicht verst\u00e4ndliche, ehrliche Bewertung zu verfassen. Des Weiteren testen wir gewisse Produkte auch selbst auf Herz und Nieren, um so authentische und aussagekr\u00e4ftige Bewertungen ver\u00f6ffentlichen zu k\u00f6nnen.<\/p><p>Unser Ziel ist es, unseren Lesern alle Informationen zur Verf\u00fcgung zu stellen, die Sie ben\u00f6tigen, um die bestm\u00f6glichen Entscheidungen f\u00fcr Ihre Gesundheit zu treffen &#8211; und sich dabei sicher und wohl zu f\u00fchlen.<\/p><h2>Unser unglaubliches Publikum<\/h2><p>Wir wissen, dass Ihnen Ihre Gesundheit am Herzen liegt. Aber bei der F\u00fclle an Marketing-Informationen kann es schwierig sein, Fakten von Fiktion zu unterscheiden. Sie wollen und Sie verdienen die Wahrheit.<\/p><p>Wir wissen auch, dass Sie Ihre Kaufentscheidungen nicht auf die leichte Schulter nehmen. Bis zu 85 % der Verbraucher suchen regelm\u00e4\u00dfig oder gelegentlich nach vertrauensw\u00fcrdigen Experteninhalten, wenn sie einen Kauf in Erw\u00e4gung ziehen.<\/p><p>Unsere klaren und leicht verst\u00e4ndlichen Informationen sollen Sie beim Kauf unterst\u00fctzen, damit Sie die f\u00fcr Sie besten Kaufentscheidungen treffen k\u00f6nnen.<\/p><p>Auf unsere Inhalte k\u00f6nnen Sie sich jederzeit verlassen. Lassen Sie uns Ihr Begleiter und Wegweiser auf dem Weg zu einem gesunden, aktiven und erf\u00fcllten Leben sein<\/p><h2>Unser Team<\/h2><p>Das F\u00fchrungsteam von Dualdiagnosis verf\u00fcgt \u00fcber jahrelange Erfahrung in der Schaffung n\u00fctzlicher und relevanter Beitr\u00e4ge, die den Verbrauchern wertvolle Informationen bieten.<\/p><p>Unser Team von registrierten Di\u00e4tassistenten verf\u00fcgt \u00fcber umfassendes klinisches Fachwissen, das in jeden einzelnen Artikel einflie\u00dft, den wir verfassen.<\/p><p>Dieses kooperative Team arbeitet zusammen, um Ihnen die neuesten evidenzbasierten Informationen und Bewertungen von Gesundheitsprodukten zu liefern.<\/p><p>Gemeinsam setzen wir uns f\u00fcr Transparenz und wissenschaftliche Expertise ein, f\u00fcr eine gesunde Gesellschaft und eine gesunde Welt.<\/p>\t\t\t\t\t\t<\/div>\n\t\t\t\t<\/div>\n\t\t\t\t<div class=\"elementor-element elementor-element-d2a82b5 elementor-widget-divider--view-line elementor-widget elementor-widget-divider\" data-id=\"d2a82b5\" data-element_type=\"widget\" data-widget_type=\"divider.default\">\n\t\t\t\t<div class=\"elementor-widget-container\">\n\t\t\t\t\t<div class=\"elementor-divider\">\n\t\t\t<span class=\"elementor-divider-separator\">\n\t\t\t\t\t\t<\/span>\n\t\t<\/div>\n\t\t\t\t<\/div>\n\t\t\t\t<\/div>\n\t\t\t\t<div class=\"elementor-element elementor-element-7856a37 elementor-widget elementor-widget-heading\" data-id=\"7856a37\" data-element_type=\"widget\" data-widget_type=\"heading.default\">\n\t\t\t\t<div class=\"elementor-widget-container\">\n\t\t\t<h2 class=\"elementor-heading-title elementor-size-default\">Unsere Gesundheitsexperten<\/h2>\t\t<\/div>\n\t\t\t\t<\/div>\n\t\t\t\t\t<\/div>\n\t\t<\/div>\n\t\t\t\t\t<\/div>\n\t\t<\/section>\n\t\t\t\t<section class=\"elementor-section elementor-top-section elementor-element elementor-element-b8034a9 elementor-section-boxed elementor-section-height-default elementor-section-height-default\" data-id=\"b8034a9\" data-element_type=\"section\">\n\t\t\t\t\t\t<div class=\"elementor-container elementor-column-gap-default\">\n\t\t\t\t\t<div class=\"elementor-column elementor-col-50 elementor-top-column elementor-element elementor-element-383a8da\" data-id=\"383a8da\" data-element_type=\"column\">\n\t\t\t<div class=\"elementor-widget-wrap elementor-element-populated\">\n\t\t\t\t\t\t<div class=\"elementor-element elementor-element-cfa275e elementor-widget elementor-widget-image\" data-id=\"cfa275e\" data-element_type=\"widget\" data-widget_type=\"image.default\">\n\t\t\t\t<div class=\"elementor-widget-container\">\n\t\t\t\t\t\t\t\t\t\t\t\t\t<img decoding=\"async\" width=\"130\" height=\"130\" src=\"https:\/\/dualdiagnosis.org\/wp-content\/uploads\/2021\/04\/Ben-Lesser.png\" class=\"attachment-large size-large wp-image-11613\" alt=\"Ben Lesser\" \/>\t\t\t\t\t\t\t\t\t\t\t\t\t<\/div>\n\t\t\t\t<\/div>\n\t\t\t\t<div class=\"elementor-element elementor-element-c4810bb elementor-shape-rounded elementor-grid-0 e-grid-align-center elementor-widget elementor-widget-social-icons\" data-id=\"c4810bb\" data-element_type=\"widget\" data-widget_type=\"social-icons.default\">\n\t\t\t\t<div class=\"elementor-widget-container\">\n\t\t\t\t\t<div class=\"elementor-social-icons-wrapper elementor-grid\">\n\t\t\t\t\t\t\t<span class=\"elementor-grid-item\">\n\t\t\t\t\t<a class=\"elementor-icon elementor-social-icon elementor-social-icon-linkedin elementor-repeater-item-4f3af98\" href=\"https:\/\/www.linkedin.com\/in\/ben-lesser-b3b9a4225\/\" target=\"_blank\" rel=\"nofollow\">\n\t\t\t\t\t\t<span class=\"elementor-screen-only\">Linkedin<\/span>\n\t\t\t\t\t\t<i class=\"fab fa-linkedin\"><\/i>\t\t\t\t\t<\/a>\n\t\t\t\t<\/span>\n\t\t\t\t\t<\/div>\n\t\t\t\t<\/div>\n\t\t\t\t<\/div>\n\t\t\t\t\t<\/div>\n\t\t<\/div>\n\t\t\t\t<div class=\"elementor-column elementor-col-50 elementor-top-column elementor-element elementor-element-43722d7\" data-id=\"43722d7\" data-element_type=\"column\">\n\t\t\t<div class=\"elementor-widget-wrap elementor-element-populated\">\n\t\t\t\t\t\t<div class=\"elementor-element elementor-element-7c79163 elementor-widget elementor-widget-text-editor\" data-id=\"7c79163\" data-element_type=\"widget\" data-widget_type=\"text-editor.default\">\n\t\t\t\t<div class=\"elementor-widget-container\">\n\t\t\t\t\t\t\t<p>Ben Lesser ist einer der gefragtesten Experten in den Bereichen Gesundheit, Fitness und Medizin. Seine Artikel \u00fcberzeugen durch einzigartige Recherchearbeit sowie praxiserprobte F\u00e4higkeiten. Er ist freiberuflicher Autor medizinisch relevanter Texte, der sich auf die Erstellung von Inhalten zur Verbesserung des \u00f6ffentlichen Bewusstseins f\u00fcr Gesundheitsthemen spezialisiert hat. Wir haben die Ehre, dass Ben exklusiv und ausschlie\u00dflich f\u00fcr Dualdiagnosis.org Texte verfasst.<\/p>\t\t\t\t\t\t<\/div>\n\t\t\t\t<\/div>\n\t\t\t\t<div class=\"elementor-element elementor-element-6aa8664 elementor-widget-divider--view-line elementor-widget elementor-widget-divider\" data-id=\"6aa8664\" data-element_type=\"widget\" data-widget_type=\"divider.default\">\n\t\t\t\t<div class=\"elementor-widget-container\">\n\t\t\t\t\t<div class=\"elementor-divider\">\n\t\t\t<span class=\"elementor-divider-separator\">\n\t\t\t\t\t\t<\/span>\n\t\t<\/div>\n\t\t\t\t<\/div>\n\t\t\t\t<\/div>\n\t\t\t\t\t<\/div>\n\t\t<\/div>\n\t\t\t\t\t<\/div>\n\t\t<\/section>\n\t\t\t\t<section class=\"elementor-section elementor-top-section elementor-element elementor-element-b06ccc0 elementor-section-boxed elementor-section-height-default elementor-section-height-default\" data-id=\"b06ccc0\" data-element_type=\"section\">\n\t\t\t\t\t\t<div class=\"elementor-container elementor-column-gap-default\">\n\t\t\t\t\t<div class=\"elementor-column elementor-col-50 elementor-top-column elementor-element elementor-element-e1e0e15\" data-id=\"e1e0e15\" data-element_type=\"column\">\n\t\t\t<div class=\"elementor-widget-wrap elementor-element-populated\">\n\t\t\t\t\t\t<div class=\"elementor-element elementor-element-e95e848 elementor-widget elementor-widget-image\" data-id=\"e95e848\" data-element_type=\"widget\" data-widget_type=\"image.default\">\n\t\t\t\t<div class=\"elementor-widget-container\">\n\t\t\t\t\t\t\t\t\t\t\t\t\t<img decoding=\"async\" width=\"150\" height=\"150\" src=\"https:\/\/dualdiagnosis.org\/wp-content\/uploads\/2021\/11\/Nina-Koehler.jpg\" class=\"attachment-large size-large wp-image-31134\" alt=\"Nina Koehler\" \/>\t\t\t\t\t\t\t\t\t\t\t\t\t<\/div>\n\t\t\t\t<\/div>\n\t\t\t\t<div class=\"elementor-element elementor-element-f3ef085 elementor-shape-rounded elementor-grid-0 e-grid-align-center elementor-widget elementor-widget-social-icons\" data-id=\"f3ef085\" data-element_type=\"widget\" data-widget_type=\"social-icons.default\">\n\t\t\t\t<div class=\"elementor-widget-container\">\n\t\t\t\t\t<div class=\"elementor-social-icons-wrapper elementor-grid\">\n\t\t\t\t\t\t\t<span class=\"elementor-grid-item\">\n\t\t\t\t\t<a class=\"elementor-icon elementor-social-icon elementor-social-icon-linkedin elementor-repeater-item-4f3af98\" href=\"https:\/\/www.linkedin.com\/in\/nina-koehler-283a7b10b\/\" target=\"_blank\" rel=\"nofollow\">\n\t\t\t\t\t\t<span class=\"elementor-screen-only\">Linkedin<\/span>\n\t\t\t\t\t\t<i class=\"fab fa-linkedin\"><\/i>\t\t\t\t\t<\/a>\n\t\t\t\t<\/span>\n\t\t\t\t\t<\/div>\n\t\t\t\t<\/div>\n\t\t\t\t<\/div>\n\t\t\t\t\t<\/div>\n\t\t<\/div>\n\t\t\t\t<div class=\"elementor-column elementor-col-50 elementor-top-column elementor-element elementor-element-59554d1\" data-id=\"59554d1\" data-element_type=\"column\">\n\t\t\t<div class=\"elementor-widget-wrap elementor-element-populated\">\n\t\t\t\t\t\t<div class=\"elementor-element elementor-element-bbc8767 elementor-widget elementor-widget-text-editor\" data-id=\"bbc8767\" data-element_type=\"widget\" data-widget_type=\"text-editor.default\">\n\t\t\t\t<div class=\"elementor-widget-container\">\n\t\t\t\t\t\t\t<p>Nina K\u00f6hler ist eine in den vereinigen Staaten ausgebildete \u00c4rztin, die derzeit in den Bereichen Geburtshilfe, Gyn\u00e4kologie und sexuelle und reproduktive Gesundheit arbeitet. Au\u00dferdem arbeitet sie in Teilzeit als freiberufliche Gesundheitsexpertin und redigiert und verfasst gesundheitsbezogene Artikel, stellt schriftliche und videobasierte Inhalte f\u00fcr die medizinische Fortbildung bereit und h\u00e4lt Vortr\u00e4ge und Schulungen.<\/p>\t\t\t\t\t\t<\/div>\n\t\t\t\t<\/div>\n\t\t\t\t<div class=\"elementor-element elementor-element-773d6a0 elementor-widget-divider--view-line elementor-widget elementor-widget-divider\" data-id=\"773d6a0\" data-element_type=\"widget\" data-widget_type=\"divider.default\">\n\t\t\t\t<div class=\"elementor-widget-container\">\n\t\t\t\t\t<div class=\"elementor-divider\">\n\t\t\t<span class=\"elementor-divider-separator\">\n\t\t\t\t\t\t<\/span>\n\t\t<\/div>\n\t\t\t\t<\/div>\n\t\t\t\t<\/div>\n\t\t\t\t\t<\/div>\n\t\t<\/div>\n\t\t\t\t\t<\/div>\n\t\t<\/section>\n\t\t\t\t<section class=\"elementor-section elementor-top-section elementor-element elementor-element-b34889b elementor-section-boxed elementor-section-height-default elementor-section-height-default\" data-id=\"b34889b\" data-element_type=\"section\">\n\t\t\t\t\t\t<div class=\"elementor-container elementor-column-gap-default\">\n\t\t\t\t\t<div class=\"elementor-column elementor-col-50 elementor-top-column elementor-element elementor-element-4ae5f8f\" data-id=\"4ae5f8f\" data-element_type=\"column\">\n\t\t\t<div class=\"elementor-widget-wrap elementor-element-populated\">\n\t\t\t\t\t\t<div class=\"elementor-element elementor-element-309716a elementor-widget elementor-widget-image\" data-id=\"309716a\" data-element_type=\"widget\" data-widget_type=\"image.default\">\n\t\t\t\t<div class=\"elementor-widget-container\">\n\t\t\t\t\t\t\t\t\t\t\t\t\t<img decoding=\"async\" width=\"150\" height=\"150\" src=\"https:\/\/dualdiagnosis.org\/wp-content\/uploads\/2021\/11\/Ralf-Dietrich.jpg\" class=\"attachment-large size-large wp-image-31125\" alt=\"\" \/>\t\t\t\t\t\t\t\t\t\t\t\t\t<\/div>\n\t\t\t\t<\/div>\n\t\t\t\t<div class=\"elementor-element elementor-element-91c8420 elementor-shape-rounded elementor-grid-0 e-grid-align-center elementor-widget elementor-widget-social-icons\" data-id=\"91c8420\" data-element_type=\"widget\" data-widget_type=\"social-icons.default\">\n\t\t\t\t<div class=\"elementor-widget-container\">\n\t\t\t\t\t<div class=\"elementor-social-icons-wrapper elementor-grid\">\n\t\t\t\t\t\t\t<span class=\"elementor-grid-item\">\n\t\t\t\t\t<a class=\"elementor-icon elementor-social-icon elementor-social-icon-linkedin elementor-repeater-item-4f3af98\" href=\"https:\/\/www.linkedin.com\/in\/ralf-dietrich-b08aa7225\/\" target=\"_blank\" rel=\"nofollow\">\n\t\t\t\t\t\t<span class=\"elementor-screen-only\">Linkedin<\/span>\n\t\t\t\t\t\t<i class=\"fab fa-linkedin\"><\/i>\t\t\t\t\t<\/a>\n\t\t\t\t<\/span>\n\t\t\t\t\t<\/div>\n\t\t\t\t<\/div>\n\t\t\t\t<\/div>\n\t\t\t\t\t<\/div>\n\t\t<\/div>\n\t\t\t\t<div class=\"elementor-column elementor-col-50 elementor-top-column elementor-element elementor-element-6dcc5a6\" data-id=\"6dcc5a6\" data-element_type=\"column\">\n\t\t\t<div class=\"elementor-widget-wrap elementor-element-populated\">\n\t\t\t\t\t\t<div class=\"elementor-element elementor-element-d1b0acc elementor-widget elementor-widget-text-editor\" data-id=\"d1b0acc\" data-element_type=\"widget\" data-widget_type=\"text-editor.default\">\n\t\t\t\t<div class=\"elementor-widget-container\">\n\t\t\t\t\t\t\t<p><span style=\"color: #000000;\">Ralf Dietrich ist zugelassener klinischer Facharzt f\u00fcr Allgemeinmedizin. Er verf\u00fcgt \u00fcber umfangreiche Erfahrung in der Beratung von Menschen mit psychischen Erkrankungen, Suchterkrankungen sowie in der Betreuung und Ausbildung anderer Kliniker. Des Weiteren ist Ralf ein medizinischer Gutachter und Autor von Inhalten \u00fcber Sucht und psychische Erkrankungen. <\/span><\/p><p>Zu seinen Spezialgebieten geh\u00f6ren Substanz- und Verhaltenss\u00fcchte sowie die \u00dcberpr\u00fcfung von Pharmakon, Therapeutika und Nahrungserg\u00e4nzungsmitteln.<\/p>\t\t\t\t\t\t<\/div>\n\t\t\t\t<\/div>\n\t\t\t\t<div class=\"elementor-element elementor-element-a335629 elementor-widget-divider--view-line elementor-widget elementor-widget-divider\" data-id=\"a335629\" data-element_type=\"widget\" data-widget_type=\"divider.default\">\n\t\t\t\t<div class=\"elementor-widget-container\">\n\t\t\t\t\t<div class=\"elementor-divider\">\n\t\t\t<span class=\"elementor-divider-separator\">\n\t\t\t\t\t\t<\/span>\n\t\t<\/div>\n\t\t\t\t<\/div>\n\t\t\t\t<\/div>\n\t\t\t\t\t<\/div>\n\t\t<\/div>\n\t\t\t\t\t<\/div>\n\t\t<\/section>\n\t\t\t\t<\/div>\n\t\t","protected":false},"excerpt":{"rendered":"<p>Dualdiagnosis.org geh\u00f6rt zu den vertrauensw\u00fcrdigsten medizinischen Quellen im Internet, seit das Portal 1998 gegr\u00fcndet wurde. Das Team wird vom Gr\u00fcnder und Chefredakteur Ben Lesser angef\u00fchrt, der seit fast zwei Jahrzehnten im Bereich der Allgemeinmedizin arbeitet. Unser Team besteht aus \u00c4rzten, Heilpraktikern, Cannabis-Zuchtmeistern und erfahrenen CBD-Konsumenten. Unsere jahrzehntelange Erfahrung in den verschiedenen Facetten der Gesundheitsindustrie ist &#8230; <a title=\"\u00dcber Uns\" class=\"read-more\" href=\"https:\/\/dualdiagnosis.org\/de\/ueber-uns\/\" aria-label=\"Mehr zu \u00dcber Uns\">Weiterlesen &#8230;<\/a><\/p>\n","protected":false},"author":5,"featured_media":0,"parent":0,"menu_order":0,"comment_status":"closed","ping_status":"closed","template":"","meta":{"footnotes":""},"class_list":["post-31425","page","type-page","status-publish"],"yoast_head":"<!-- This site is optimized with the Yoast SEO plugin v23.0 - https:\/\/yoast.com\/wordpress\/plugins\/seo\/ -->\n<title>\u00dcber Uns - Dualdiagnosis.org<\/title>\n<meta name=\"robots\" content=\"index, follow, max-snippet:-1, max-image-preview:large, max-video-preview:-1\" \/>\n<link rel=\"canonical\" href=\"https:\/\/dualdiagnosis.org\/de\/ueber-uns\/\" \/>\n<meta name=\"twitter:label1\" content=\"Gesch\u00e4tzte Lesezeit\" \/>\n\t<meta name=\"twitter:data1\" content=\"4\u00a0Minuten\" \/>\n<script type=\"application\/ld+json\" class=\"yoast-schema-graph\">{\"@context\":\"https:\/\/schema.org\",\"@graph\":[{\"@type\":\"WebPage\",\"@id\":\"https:\/\/dualdiagnosis.org\/de\/ueber-uns\/\",\"url\":\"https:\/\/dualdiagnosis.org\/de\/ueber-uns\/\",\"name\":\"\u00dcber Uns - Dualdiagnosis.org\",\"isPartOf\":{\"@id\":\"https:\/\/dualdiagnosis.org\/de\/#website\"},\"primaryImageOfPage\":{\"@id\":\"https:\/\/dualdiagnosis.org\/de\/ueber-uns\/#primaryimage\"},\"image\":{\"@id\":\"https:\/\/dualdiagnosis.org\/de\/ueber-uns\/#primaryimage\"},\"thumbnailUrl\":\"https:\/\/dualdiagnosis.org\/wp-content\/uploads\/2021\/04\/Ben-Lesser.png\",\"datePublished\":\"2021-11-16T13:04:32+00:00\",\"dateModified\":\"2021-11-17T14:44:00+00:00\",\"breadcrumb\":{\"@id\":\"https:\/\/dualdiagnosis.org\/de\/ueber-uns\/#breadcrumb\"},\"inLanguage\":\"de\",\"potentialAction\":[{\"@type\":\"ReadAction\",\"target\":[\"https:\/\/dualdiagnosis.org\/de\/ueber-uns\/\"]}]},{\"@type\":\"ImageObject\",\"inLanguage\":\"de\",\"@id\":\"https:\/\/dualdiagnosis.org\/de\/ueber-uns\/#primaryimage\",\"url\":\"https:\/\/dualdiagnosis.org\/wp-content\/uploads\/2021\/04\/Ben-Lesser.png\",\"contentUrl\":\"https:\/\/dualdiagnosis.org\/wp-content\/uploads\/2021\/04\/Ben-Lesser.png\"},{\"@type\":\"BreadcrumbList\",\"@id\":\"https:\/\/dualdiagnosis.org\/de\/ueber-uns\/#breadcrumb\",\"itemListElement\":[{\"@type\":\"ListItem\",\"position\":1,\"name\":\"Home\",\"item\":\"https:\/\/dualdiagnosis.org\/de\/\"},{\"@type\":\"ListItem\",\"position\":2,\"name\":\"\u00dcber Uns\"}]},{\"@type\":\"WebSite\",\"@id\":\"https:\/\/dualdiagnosis.org\/de\/#website\",\"url\":\"https:\/\/dualdiagnosis.org\/de\/\",\"name\":\"Dualdiagnosis.org\",\"description\":\"Dual Diagnosis: Home\",\"publisher\":{\"@id\":\"https:\/\/dualdiagnosis.org\/de\/#organization\"},\"potentialAction\":[{\"@type\":\"SearchAction\",\"target\":{\"@type\":\"EntryPoint\",\"urlTemplate\":\"https:\/\/dualdiagnosis.org\/de\/?s={search_term_string}\"},\"query-input\":\"required name=search_term_string\"}],\"inLanguage\":\"de\"},{\"@type\":\"Organization\",\"@id\":\"https:\/\/dualdiagnosis.org\/de\/#organization\",\"name\":\"Foundations Recovery Network\",\"url\":\"https:\/\/dualdiagnosis.org\/de\/\",\"logo\":{\"@type\":\"ImageObject\",\"inLanguage\":\"de\",\"@id\":\"https:\/\/dualdiagnosis.org\/de\/#\/schema\/logo\/image\/\",\"url\":\"https:\/\/dualdiagnosis.org\/wp-content\/uploads\/2021\/03\/Dualdiagnosis-Logo.png\",\"contentUrl\":\"https:\/\/dualdiagnosis.org\/wp-content\/uploads\/2021\/03\/Dualdiagnosis-Logo.png\",\"width\":1150,\"height\":264,\"caption\":\"Foundations Recovery Network\"},\"image\":{\"@id\":\"https:\/\/dualdiagnosis.org\/de\/#\/schema\/logo\/image\/\"},\"sameAs\":[\"https:\/\/www.facebook.com\/Dual-Diagnosis-100246328793889\",\"https:\/\/x.com\/DiagnosisDual\"]}]}<\/script>\n<!-- \/ Yoast SEO plugin. -->","yoast_head_json":{"title":"\u00dcber Uns - Dualdiagnosis.org","robots":{"index":"index","follow":"follow","max-snippet":"max-snippet:-1","max-image-preview":"max-image-preview:large","max-video-preview":"max-video-preview:-1"},"canonical":"https:\/\/dualdiagnosis.org\/de\/ueber-uns\/","twitter_misc":{"Gesch\u00e4tzte Lesezeit":"4\u00a0Minuten"},"schema":{"@context":"https:\/\/schema.org","@graph":[{"@type":"WebPage","@id":"https:\/\/dualdiagnosis.org\/de\/ueber-uns\/","url":"https:\/\/dualdiagnosis.org\/de\/ueber-uns\/","name":"\u00dcber Uns - Dualdiagnosis.org","isPartOf":{"@id":"https:\/\/dualdiagnosis.org\/de\/#website"},"primaryImageOfPage":{"@id":"https:\/\/dualdiagnosis.org\/de\/ueber-uns\/#primaryimage"},"image":{"@id":"https:\/\/dualdiagnosis.org\/de\/ueber-uns\/#primaryimage"},"thumbnailUrl":"https:\/\/dualdiagnosis.org\/wp-content\/uploads\/2021\/04\/Ben-Lesser.png","datePublished":"2021-11-16T13:04:32+00:00","dateModified":"2021-11-17T14:44:00+00:00","breadcrumb":{"@id":"https:\/\/dualdiagnosis.org\/de\/ueber-uns\/#breadcrumb"},"inLanguage":"de","potentialAction":[{"@type":"ReadAction","target":["https:\/\/dualdiagnosis.org\/de\/ueber-uns\/"]}]},{"@type":"ImageObject","inLanguage":"de","@id":"https:\/\/dualdiagnosis.org\/de\/ueber-uns\/#primaryimage","url":"https:\/\/dualdiagnosis.org\/wp-content\/uploads\/2021\/04\/Ben-Lesser.png","contentUrl":"https:\/\/dualdiagnosis.org\/wp-content\/uploads\/2021\/04\/Ben-Lesser.png"},{"@type":"BreadcrumbList","@id":"https:\/\/dualdiagnosis.org\/de\/ueber-uns\/#breadcrumb","itemListElement":[{"@type":"ListItem","position":1,"name":"Home","item":"https:\/\/dualdiagnosis.org\/de\/"},{"@type":"ListItem","position":2,"name":"\u00dcber Uns"}]},{"@type":"WebSite","@id":"https:\/\/dualdiagnosis.org\/de\/#website","url":"https:\/\/dualdiagnosis.org\/de\/","name":"Dualdiagnosis.org","description":"Dual Diagnosis: Home","publisher":{"@id":"https:\/\/dualdiagnosis.org\/de\/#organization"},"potentialAction":[{"@type":"SearchAction","target":{"@type":"EntryPoint","urlTemplate":"https:\/\/dualdiagnosis.org\/de\/?s={search_term_string}"},"query-input":"required name=search_term_string"}],"inLanguage":"de"},{"@type":"Organization","@id":"https:\/\/dualdiagnosis.org\/de\/#organization","name":"Foundations Recovery Network","url":"https:\/\/dualdiagnosis.org\/de\/","logo":{"@type":"ImageObject","inLanguage":"de","@id":"https:\/\/dualdiagnosis.org\/de\/#\/schema\/logo\/image\/","url":"https:\/\/dualdiagnosis.org\/wp-content\/uploads\/2021\/03\/Dualdiagnosis-Logo.png","contentUrl":"https:\/\/dualdiagnosis.org\/wp-content\/uploads\/2021\/03\/Dualdiagnosis-Logo.png","width":1150,"height":264,"caption":"Foundations Recovery Network"},"image":{"@id":"https:\/\/dualdiagnosis.org\/de\/#\/schema\/logo\/image\/"},"sameAs":["https:\/\/www.facebook.com\/Dual-Diagnosis-100246328793889","https:\/\/x.com\/DiagnosisDual"]}]}},"_links":{"self":[{"href":"https:\/\/dualdiagnosis.org\/de\/wp-json\/wp\/v2\/pages\/31425","targetHints":{"allow":["GET"]}}],"collection":[{"href":"https:\/\/dualdiagnosis.org\/de\/wp-json\/wp\/v2\/pages"}],"about":[{"href":"https:\/\/dualdiagnosis.org\/de\/wp-json\/wp\/v2\/types\/page"}],"author":[{"embeddable":true,"href":"https:\/\/dualdiagnosis.org\/de\/wp-json\/wp\/v2\/users\/5"}],"replies":[{"embeddable":true,"href":"https:\/\/dualdiagnosis.org\/de\/wp-json\/wp\/v2\/comments?post=31425"}],"version-history":[{"count":0,"href":"https:\/\/dualdiagnosis.org\/de\/wp-json\/wp\/v2\/pages\/31425\/revisions"}],"wp:attachment":[{"href":"https:\/\/dualdiagnosis.org\/de\/wp-json\/wp\/v2\/media?parent=31425"}],"curies":[{"name":"wp","href":"https:\/\/api.w.org\/{rel}","templated":true}]}}