{"id":88073,"date":"2023-01-31T16:06:53","date_gmt":"2023-01-31T15:06:53","guid":{"rendered":"https:\/\/dualdiagnosis.org\/?page_id=88073"},"modified":"2023-01-31T16:07:23","modified_gmt":"2023-01-31T15:07:23","slug":"ben-lesser-health-fitness-and-medicine-author","status":"publish","type":"page","link":"https:\/\/dualdiagnosis.org\/fr\/author\/ben-fr\/","title":{"rendered":"Ben Lesser Auteur pour la sant\u00e9, le fitness et la m\u00e9decine"},"content":{"rendered":"\t\t<div data-elementor-type=\"wp-page\" data-elementor-id=\"88073\" class=\"elementor elementor-88073\">\n\t\t\t\t\t\t<section class=\"elementor-section elementor-top-section elementor-element elementor-element-7f81fe3 elementor-section-boxed elementor-section-height-default elementor-section-height-default\" data-id=\"7f81fe3\" data-element_type=\"section\">\n\t\t\t\t\t\t<div class=\"elementor-container elementor-column-gap-default\">\n\t\t\t\t\t<div class=\"elementor-column elementor-col-50 elementor-top-column elementor-element elementor-element-b5cb3ce\" data-id=\"b5cb3ce\" data-element_type=\"column\">\n\t\t\t<div class=\"elementor-widget-wrap elementor-element-populated\">\n\t\t\t\t\t\t<div class=\"elementor-element elementor-element-d890e85 elementor-widget elementor-widget-image\" data-id=\"d890e85\" data-element_type=\"widget\" data-widget_type=\"image.default\">\n\t\t\t\t<div class=\"elementor-widget-container\">\n\t\t\t\t\t\t\t\t\t\t\t\t\t<img decoding=\"async\" width=\"130\" height=\"130\" src=\"https:\/\/dualdiagnosis.org\/wp-content\/uploads\/2021\/04\/Ben-Lesser.png\" class=\"attachment-large size-large wp-image-11613\" alt=\"Ben Lesser\" \/>\t\t\t\t\t\t\t\t\t\t\t\t\t<\/div>\n\t\t\t\t<\/div>\n\t\t\t\t<div class=\"elementor-element elementor-element-db1e550 elementor-shape-rounded elementor-grid-0 e-grid-align-center elementor-widget elementor-widget-social-icons\" data-id=\"db1e550\" data-element_type=\"widget\" data-widget_type=\"social-icons.default\">\n\t\t\t\t<div class=\"elementor-widget-container\">\n\t\t\t\t\t<div class=\"elementor-social-icons-wrapper elementor-grid\">\n\t\t\t\t\t\t\t<span class=\"elementor-grid-item\">\n\t\t\t\t\t<a class=\"elementor-icon elementor-social-icon elementor-social-icon-linkedin elementor-repeater-item-4f3af98\" href=\"https:\/\/www.linkedin.com\/in\/ben-lesser-b3b9a4225\/\" target=\"_blank\" rel=\"nofollow\">\n\t\t\t\t\t\t<span class=\"elementor-screen-only\">Linkedin<\/span>\n\t\t\t\t\t\t<i class=\"fab fa-linkedin\"><\/i>\t\t\t\t\t<\/a>\n\t\t\t\t<\/span>\n\t\t\t\t\t<\/div>\n\t\t\t\t<\/div>\n\t\t\t\t<\/div>\n\t\t\t\t\t<\/div>\n\t\t<\/div>\n\t\t\t\t<div class=\"elementor-column elementor-col-50 elementor-top-column elementor-element elementor-element-6a23b83\" data-id=\"6a23b83\" data-element_type=\"column\">\n\t\t\t<div class=\"elementor-widget-wrap elementor-element-populated\">\n\t\t\t\t\t\t<div class=\"elementor-element elementor-element-108df8e elementor-widget elementor-widget-text-editor\" data-id=\"108df8e\" data-element_type=\"widget\" data-widget_type=\"text-editor.default\">\n\t\t\t\t<div class=\"elementor-widget-container\">\n\t\t\t\t\t\t\t<p>Ben Lesser est l&rsquo;un des experts les plus demand\u00e9s dans le domaine de la sant\u00e9, du fitness et de la m\u00e9decine. Ses articles se distinguent par un travail de recherche unique ainsi que par des comp\u00e9tences \u00e9prouv\u00e9es sur le terrain. Il est un auteur m\u00e9dical ind\u00e9pendant sp\u00e9cialis\u00e9 dans la cr\u00e9ation de contenu visant \u00e0 sensibiliser le public aux questions de sant\u00e9. Nous avons l&rsquo;honneur que Ben r\u00e9dige des textes exclusivement pour Dualdiagnosis.org.<\/p>\t\t\t\t\t\t<\/div>\n\t\t\t\t<\/div>\n\t\t\t\t<div class=\"elementor-element elementor-element-c899dab elementor-widget-divider--view-line elementor-widget elementor-widget-divider\" data-id=\"c899dab\" data-element_type=\"widget\" data-widget_type=\"divider.default\">\n\t\t\t\t<div class=\"elementor-widget-container\">\n\t\t\t\t\t<div class=\"elementor-divider\">\n\t\t\t<span class=\"elementor-divider-separator\">\n\t\t\t\t\t\t<\/span>\n\t\t<\/div>\n\t\t\t\t<\/div>\n\t\t\t\t<\/div>\n\t\t\t\t\t<\/div>\n\t\t<\/div>\n\t\t\t\t\t<\/div>\n\t\t<\/section>\n\t\t\t\t<section class=\"elementor-section elementor-top-section elementor-element elementor-element-c8553b6 elementor-section-boxed elementor-section-height-default elementor-section-height-default\" data-id=\"c8553b6\" data-element_type=\"section\">\n\t\t\t\t\t\t<div class=\"elementor-container elementor-column-gap-default\">\n\t\t\t\t\t<div class=\"elementor-column elementor-col-100 elementor-top-column elementor-element elementor-element-6ec8c9c\" data-id=\"6ec8c9c\" data-element_type=\"column\">\n\t\t\t<div class=\"elementor-widget-wrap elementor-element-populated\">\n\t\t\t\t\t\t<div class=\"elementor-element elementor-element-59e7a16 elementor-widget elementor-widget-text-editor\" data-id=\"59e7a16\" data-element_type=\"widget\" data-widget_type=\"text-editor.default\">\n\t\t\t\t<div class=\"elementor-widget-container\">\n\t\t\t\t\t\t\t<h3><span style=\"color: #000000;\"><strong>Carri\u00e8re<\/strong><\/span><\/h3>\t\t\t\t\t\t<\/div>\n\t\t\t\t<\/div>\n\t\t\t\t<div class=\"elementor-element elementor-element-ff4250f elementor-widget-divider--separator-type-pattern elementor-widget-divider--no-spacing elementor-widget-divider--view-line elementor-widget elementor-widget-divider\" data-id=\"ff4250f\" data-element_type=\"widget\" data-widget_type=\"divider.default\">\n\t\t\t\t<div class=\"elementor-widget-container\">\n\t\t\t\t\t<div class=\"elementor-divider\" style=\"--divider-pattern-url: url(&quot;data:image\/svg+xml,%3Csvg xmlns=&#039;http:\/\/www.w3.org\/2000\/svg&#039; preserveAspectRatio=&#039;xMidYMid meet&#039; overflow=&#039;visible&#039; height=&#039;100%&#039; viewBox=&#039;0 0 120 26&#039; fill=&#039;black&#039; stroke=&#039;none&#039;%3E%3Cpolygon points=&#039;0,14.4 0,21 11.5,12.4 21.3,20 30.4,11.1 40.3,20 51,12.4 60.6,20 69.6,11.1 79.3,20 90.1,12.4 99.6,20 109.7,11.1 120,21 120,14.4 109.7,5 99.6,13 90.1,5 79.3,14.5 71,5.7 60.6,12.4 51,5 40.3,14.5 31.1,5 21.3,13 11.5,5 \t&#039;\/%3E%3C\/svg%3E&quot;);\">\n\t\t\t<span class=\"elementor-divider-separator\">\n\t\t\t\t\t\t<\/span>\n\t\t<\/div>\n\t\t\t\t<\/div>\n\t\t\t\t<\/div>\n\t\t\t\t\t<\/div>\n\t\t<\/div>\n\t\t\t\t\t<\/div>\n\t\t<\/section>\n\t\t\t\t<section class=\"elementor-section elementor-top-section elementor-element elementor-element-cfb1d0c elementor-section-boxed elementor-section-height-default elementor-section-height-default\" data-id=\"cfb1d0c\" data-element_type=\"section\">\n\t\t\t\t\t\t<div class=\"elementor-container elementor-column-gap-default\">\n\t\t\t\t\t<div class=\"elementor-column elementor-col-100 elementor-top-column elementor-element elementor-element-27d81e5\" data-id=\"27d81e5\" data-element_type=\"column\">\n\t\t\t<div class=\"elementor-widget-wrap elementor-element-populated\">\n\t\t\t\t\t\t<div class=\"elementor-element elementor-element-b4dc760 elementor-widget elementor-widget-progress\" data-id=\"b4dc760\" data-element_type=\"widget\" data-settings=\"{&quot;_animation&quot;:&quot;none&quot;}\" data-widget_type=\"progress.default\">\n\t\t\t\t<div class=\"elementor-widget-container\">\n\t\t\t\t\t\t<span class=\"elementor-title\" id=\"elementor-progress-bar-b4dc760\">\n\t\t\t\t<b>Janvier 2004 - Aujourd'hui<\/b>\t\t\t<\/span>\n\t\t\n\t\t<div aria-labelledby=\"elementor-progress-bar-b4dc760\" class=\"elementor-progress-wrapper\" role=\"progressbar\" aria-valuemin=\"0\" aria-valuemax=\"100\" aria-valuenow=\"100\" aria-valuetext=\"100% (&lt;b&gt;Actif en tant que m\u00e9decin g\u00e9n\u00e9raliste & auteur m\u00e9dical&lt;\/b&gt;)\">\n\t\t\t<div class=\"elementor-progress-bar\" data-max=\"100\">\n\t\t\t\t<span class=\"elementor-progress-text\"><b>Actif en tant que m\u00e9decin g\u00e9n\u00e9raliste & auteur m\u00e9dical<\/b><\/span>\n\t\t\t\t\t\t\t<\/div>\n\t\t<\/div>\n\t\t\t\t<\/div>\n\t\t\t\t<\/div>\n\t\t\t\t\t<\/div>\n\t\t<\/div>\n\t\t\t\t\t<\/div>\n\t\t<\/section>\n\t\t\t\t<section class=\"elementor-section elementor-top-section elementor-element elementor-element-070bce3 elementor-section-boxed elementor-section-height-default elementor-section-height-default\" data-id=\"070bce3\" data-element_type=\"section\">\n\t\t\t\t\t\t<div class=\"elementor-container elementor-column-gap-default\">\n\t\t\t\t\t<div class=\"elementor-column elementor-col-100 elementor-top-column elementor-element elementor-element-2345d16\" data-id=\"2345d16\" data-element_type=\"column\">\n\t\t\t<div class=\"elementor-widget-wrap elementor-element-populated\">\n\t\t\t\t\t\t<div class=\"elementor-element elementor-element-7a47d1b elementor-widget elementor-widget-progress\" data-id=\"7a47d1b\" data-element_type=\"widget\" data-widget_type=\"progress.default\">\n\t\t\t\t<div class=\"elementor-widget-container\">\n\t\t\t\t\t\t<span class=\"elementor-title\" id=\"elementor-progress-bar-7a47d1b\">\n\t\t\t\t<b>Janvier 1997 - d\u00e9cembre 2003<\/b>\t\t\t<\/span>\n\t\t\n\t\t<div aria-labelledby=\"elementor-progress-bar-7a47d1b\" class=\"elementor-progress-wrapper\" role=\"progressbar\" aria-valuemin=\"0\" aria-valuemax=\"100\" aria-valuenow=\"100\" aria-valuetext=\"100% (&lt;b&gt;M\u00e9decine interne & formation postgradu\u00e9e en m\u00e9decine g\u00e9n\u00e9rale&lt;\/b&gt;)\">\n\t\t\t<div class=\"elementor-progress-bar\" data-max=\"100\">\n\t\t\t\t<span class=\"elementor-progress-text\"><b>M\u00e9decine interne & formation postgradu\u00e9e en m\u00e9decine g\u00e9n\u00e9rale<\/b><\/span>\n\t\t\t\t\t\t\t<\/div>\n\t\t<\/div>\n\t\t\t\t<\/div>\n\t\t\t\t<\/div>\n\t\t\t\t\t<\/div>\n\t\t<\/div>\n\t\t\t\t\t<\/div>\n\t\t<\/section>\n\t\t\t\t<section class=\"elementor-section elementor-top-section elementor-element elementor-element-3b9e391 elementor-section-boxed elementor-section-height-default elementor-section-height-default\" data-id=\"3b9e391\" data-element_type=\"section\">\n\t\t\t\t\t\t<div class=\"elementor-container elementor-column-gap-default\">\n\t\t\t\t\t<div class=\"elementor-column elementor-col-100 elementor-top-column elementor-element elementor-element-80016a0\" data-id=\"80016a0\" data-element_type=\"column\">\n\t\t\t<div class=\"elementor-widget-wrap elementor-element-populated\">\n\t\t\t\t\t\t<div class=\"elementor-element elementor-element-b8eba9e elementor-widget elementor-widget-progress\" data-id=\"b8eba9e\" data-element_type=\"widget\" data-widget_type=\"progress.default\">\n\t\t\t\t<div class=\"elementor-widget-container\">\n\t\t\t\t\t\t<span class=\"elementor-title\" id=\"elementor-progress-bar-b8eba9e\">\n\t\t\t\t<b>Ao\u00fbt 1991 - juin 1996<\/b>\t\t\t<\/span>\n\t\t\n\t\t<div aria-labelledby=\"elementor-progress-bar-b8eba9e\" class=\"elementor-progress-wrapper\" role=\"progressbar\" aria-valuemin=\"0\" aria-valuemax=\"100\" aria-valuenow=\"100\" aria-valuetext=\"100% (&lt;b&gt;\u00c9tudes de m\u00e9decine \u00e0 la FU et \u00e0 la HU Berlin&lt;\/b&gt;)\">\n\t\t\t<div class=\"elementor-progress-bar\" data-max=\"100\">\n\t\t\t\t<span class=\"elementor-progress-text\"><b>\u00c9tudes de m\u00e9decine \u00e0 la FU et \u00e0 la HU Berlin<\/b><\/span>\n\t\t\t\t\t\t\t<\/div>\n\t\t<\/div>\n\t\t\t\t<\/div>\n\t\t\t\t<\/div>\n\t\t\t\t\t<\/div>\n\t\t<\/div>\n\t\t\t\t\t<\/div>\n\t\t<\/section>\n\t\t\t\t<section class=\"elementor-section elementor-top-section elementor-element elementor-element-917e3d6 elementor-section-boxed elementor-section-height-default elementor-section-height-default\" data-id=\"917e3d6\" data-element_type=\"section\">\n\t\t\t\t\t\t<div class=\"elementor-container elementor-column-gap-default\">\n\t\t\t\t\t<div class=\"elementor-column elementor-col-100 elementor-top-column elementor-element elementor-element-6f89e17\" data-id=\"6f89e17\" data-element_type=\"column\">\n\t\t\t<div class=\"elementor-widget-wrap elementor-element-populated\">\n\t\t\t\t\t\t<div class=\"elementor-element elementor-element-8750c86 elementor-widget elementor-widget-progress\" data-id=\"8750c86\" data-element_type=\"widget\" data-widget_type=\"progress.default\">\n\t\t\t\t<div class=\"elementor-widget-container\">\n\t\t\t\t\t\t<span class=\"elementor-title\" id=\"elementor-progress-bar-8750c86\">\n\t\t\t\t<b>Juillet 1991<\/b>\t\t\t<\/span>\n\t\t\n\t\t<div aria-labelledby=\"elementor-progress-bar-8750c86\" class=\"elementor-progress-wrapper\" role=\"progressbar\" aria-valuemin=\"0\" aria-valuemax=\"100\" aria-valuenow=\"100\" aria-valuetext=\"100% (&lt;b&gt;Baccalaur\u00e9at Humboldt Oberschule&lt;\/b&gt;)\">\n\t\t\t<div class=\"elementor-progress-bar\" data-max=\"100\">\n\t\t\t\t<span class=\"elementor-progress-text\"><b>Baccalaur\u00e9at Humboldt Oberschule<\/b><\/span>\n\t\t\t\t\t\t\t<\/div>\n\t\t<\/div>\n\t\t\t\t<\/div>\n\t\t\t\t<\/div>\n\t\t\t\t\t<\/div>\n\t\t<\/div>\n\t\t\t\t\t<\/div>\n\t\t<\/section>\n\t\t\t\t<\/div>\n\t\t","protected":false},"excerpt":{"rendered":"<p>Linkedin Ben Lesser est l&rsquo;un des experts les plus demand\u00e9s dans le domaine de la sant\u00e9, du fitness et de la m\u00e9decine. Ses articles se distinguent par un travail de recherche unique ainsi que par des comp\u00e9tences \u00e9prouv\u00e9es sur le terrain. Il est un auteur m\u00e9dical ind\u00e9pendant sp\u00e9cialis\u00e9 dans la cr\u00e9ation de contenu visant \u00e0 &#8230; <a title=\"Ben Lesser Auteur pour la sant\u00e9, le fitness et la m\u00e9decine\" class=\"read-more\" href=\"https:\/\/dualdiagnosis.org\/fr\/author\/ben-fr\/\" aria-label=\"Plus sur Ben Lesser Auteur pour la sant\u00e9, le fitness et la m\u00e9decine\">Lire plus<\/a><\/p>\n","protected":false},"author":5,"featured_media":0,"parent":0,"menu_order":0,"comment_status":"closed","ping_status":"closed","template":"","meta":{"footnotes":""},"class_list":["post-88073","page","type-page","status-publish"],"yoast_head":"<!-- This site is optimized with the Yoast SEO plugin v23.0 - https:\/\/yoast.com\/wordpress\/plugins\/seo\/ -->\n<title>Ben Lesser Auteur pour la sant\u00e9, le fitness et la m\u00e9decine - Dualdiagnosis.org<\/title>\n<meta name=\"robots\" content=\"index, follow, max-snippet:-1, max-image-preview:large, max-video-preview:-1\" \/>\n<link rel=\"canonical\" href=\"https:\/\/dualdiagnosis.org\/fr\/author\/ben-fr\/\" \/>\n<meta name=\"twitter:label1\" content=\"Dur\u00e9e de lecture estim\u00e9e\" \/>\n\t<meta name=\"twitter:data1\" content=\"1 minute\" \/>\n<script type=\"application\/ld+json\" class=\"yoast-schema-graph\">{\"@context\":\"https:\/\/schema.org\",\"@graph\":[{\"@type\":\"WebPage\",\"@id\":\"https:\/\/dualdiagnosis.org\/fr\/author\/ben-fr\/\",\"url\":\"https:\/\/dualdiagnosis.org\/fr\/author\/ben-fr\/\",\"name\":\"Ben Lesser Auteur pour la sant\u00e9, le fitness et la m\u00e9decine - Dualdiagnosis.org\",\"isPartOf\":{\"@id\":\"https:\/\/dualdiagnosis.org\/de\/#website\"},\"primaryImageOfPage\":{\"@id\":\"https:\/\/dualdiagnosis.org\/fr\/author\/ben-fr\/#primaryimage\"},\"image\":{\"@id\":\"https:\/\/dualdiagnosis.org\/fr\/author\/ben-fr\/#primaryimage\"},\"thumbnailUrl\":\"https:\/\/dualdiagnosis.org\/wp-content\/uploads\/2021\/04\/Ben-Lesser.png\",\"datePublished\":\"2023-01-31T15:06:53+00:00\",\"dateModified\":\"2023-01-31T15:07:23+00:00\",\"breadcrumb\":{\"@id\":\"https:\/\/dualdiagnosis.org\/fr\/author\/ben-fr\/#breadcrumb\"},\"inLanguage\":\"fr-FR\",\"potentialAction\":[{\"@type\":\"ReadAction\",\"target\":[\"https:\/\/dualdiagnosis.org\/fr\/author\/ben-fr\/\"]}]},{\"@type\":\"ImageObject\",\"inLanguage\":\"fr-FR\",\"@id\":\"https:\/\/dualdiagnosis.org\/fr\/author\/ben-fr\/#primaryimage\",\"url\":\"https:\/\/dualdiagnosis.org\/wp-content\/uploads\/2021\/04\/Ben-Lesser.png\",\"contentUrl\":\"https:\/\/dualdiagnosis.org\/wp-content\/uploads\/2021\/04\/Ben-Lesser.png\"},{\"@type\":\"BreadcrumbList\",\"@id\":\"https:\/\/dualdiagnosis.org\/fr\/author\/ben-fr\/#breadcrumb\",\"itemListElement\":[{\"@type\":\"ListItem\",\"position\":1,\"name\":\"Home\",\"item\":\"https:\/\/dualdiagnosis.org\/de\/\"},{\"@type\":\"ListItem\",\"position\":2,\"name\":\"Ben Lesser Auteur pour la sant\u00e9, le fitness et la m\u00e9decine\"}]},{\"@type\":\"WebSite\",\"@id\":\"https:\/\/dualdiagnosis.org\/de\/#website\",\"url\":\"https:\/\/dualdiagnosis.org\/de\/\",\"name\":\"Dualdiagnosis.org\",\"description\":\"Dual Diagnosis: Home\",\"publisher\":{\"@id\":\"https:\/\/dualdiagnosis.org\/de\/#organization\"},\"potentialAction\":[{\"@type\":\"SearchAction\",\"target\":{\"@type\":\"EntryPoint\",\"urlTemplate\":\"https:\/\/dualdiagnosis.org\/de\/?s={search_term_string}\"},\"query-input\":\"required name=search_term_string\"}],\"inLanguage\":\"fr-FR\"},{\"@type\":\"Organization\",\"@id\":\"https:\/\/dualdiagnosis.org\/de\/#organization\",\"name\":\"Foundations Recovery Network\",\"url\":\"https:\/\/dualdiagnosis.org\/de\/\",\"logo\":{\"@type\":\"ImageObject\",\"inLanguage\":\"fr-FR\",\"@id\":\"https:\/\/dualdiagnosis.org\/de\/#\/schema\/logo\/image\/\",\"url\":\"https:\/\/dualdiagnosis.org\/wp-content\/uploads\/2021\/03\/Dualdiagnosis-Logo.png\",\"contentUrl\":\"https:\/\/dualdiagnosis.org\/wp-content\/uploads\/2021\/03\/Dualdiagnosis-Logo.png\",\"width\":1150,\"height\":264,\"caption\":\"Foundations Recovery Network\"},\"image\":{\"@id\":\"https:\/\/dualdiagnosis.org\/de\/#\/schema\/logo\/image\/\"},\"sameAs\":[\"https:\/\/www.facebook.com\/Dual-Diagnosis-100246328793889\",\"https:\/\/x.com\/DiagnosisDual\"]}]}<\/script>\n<!-- \/ Yoast SEO plugin. -->","yoast_head_json":{"title":"Ben Lesser Auteur pour la sant\u00e9, le fitness et la m\u00e9decine - Dualdiagnosis.org","robots":{"index":"index","follow":"follow","max-snippet":"max-snippet:-1","max-image-preview":"max-image-preview:large","max-video-preview":"max-video-preview:-1"},"canonical":"https:\/\/dualdiagnosis.org\/fr\/author\/ben-fr\/","twitter_misc":{"Dur\u00e9e de lecture estim\u00e9e":"1 minute"},"schema":{"@context":"https:\/\/schema.org","@graph":[{"@type":"WebPage","@id":"https:\/\/dualdiagnosis.org\/fr\/author\/ben-fr\/","url":"https:\/\/dualdiagnosis.org\/fr\/author\/ben-fr\/","name":"Ben Lesser Auteur pour la sant\u00e9, le fitness et la m\u00e9decine - Dualdiagnosis.org","isPartOf":{"@id":"https:\/\/dualdiagnosis.org\/de\/#website"},"primaryImageOfPage":{"@id":"https:\/\/dualdiagnosis.org\/fr\/author\/ben-fr\/#primaryimage"},"image":{"@id":"https:\/\/dualdiagnosis.org\/fr\/author\/ben-fr\/#primaryimage"},"thumbnailUrl":"https:\/\/dualdiagnosis.org\/wp-content\/uploads\/2021\/04\/Ben-Lesser.png","datePublished":"2023-01-31T15:06:53+00:00","dateModified":"2023-01-31T15:07:23+00:00","breadcrumb":{"@id":"https:\/\/dualdiagnosis.org\/fr\/author\/ben-fr\/#breadcrumb"},"inLanguage":"fr-FR","potentialAction":[{"@type":"ReadAction","target":["https:\/\/dualdiagnosis.org\/fr\/author\/ben-fr\/"]}]},{"@type":"ImageObject","inLanguage":"fr-FR","@id":"https:\/\/dualdiagnosis.org\/fr\/author\/ben-fr\/#primaryimage","url":"https:\/\/dualdiagnosis.org\/wp-content\/uploads\/2021\/04\/Ben-Lesser.png","contentUrl":"https:\/\/dualdiagnosis.org\/wp-content\/uploads\/2021\/04\/Ben-Lesser.png"},{"@type":"BreadcrumbList","@id":"https:\/\/dualdiagnosis.org\/fr\/author\/ben-fr\/#breadcrumb","itemListElement":[{"@type":"ListItem","position":1,"name":"Home","item":"https:\/\/dualdiagnosis.org\/de\/"},{"@type":"ListItem","position":2,"name":"Ben Lesser Auteur pour la sant\u00e9, le fitness et la m\u00e9decine"}]},{"@type":"WebSite","@id":"https:\/\/dualdiagnosis.org\/de\/#website","url":"https:\/\/dualdiagnosis.org\/de\/","name":"Dualdiagnosis.org","description":"Dual Diagnosis: Home","publisher":{"@id":"https:\/\/dualdiagnosis.org\/de\/#organization"},"potentialAction":[{"@type":"SearchAction","target":{"@type":"EntryPoint","urlTemplate":"https:\/\/dualdiagnosis.org\/de\/?s={search_term_string}"},"query-input":"required name=search_term_string"}],"inLanguage":"fr-FR"},{"@type":"Organization","@id":"https:\/\/dualdiagnosis.org\/de\/#organization","name":"Foundations Recovery Network","url":"https:\/\/dualdiagnosis.org\/de\/","logo":{"@type":"ImageObject","inLanguage":"fr-FR","@id":"https:\/\/dualdiagnosis.org\/de\/#\/schema\/logo\/image\/","url":"https:\/\/dualdiagnosis.org\/wp-content\/uploads\/2021\/03\/Dualdiagnosis-Logo.png","contentUrl":"https:\/\/dualdiagnosis.org\/wp-content\/uploads\/2021\/03\/Dualdiagnosis-Logo.png","width":1150,"height":264,"caption":"Foundations Recovery Network"},"image":{"@id":"https:\/\/dualdiagnosis.org\/de\/#\/schema\/logo\/image\/"},"sameAs":["https:\/\/www.facebook.com\/Dual-Diagnosis-100246328793889","https:\/\/x.com\/DiagnosisDual"]}]}},"_links":{"self":[{"href":"https:\/\/dualdiagnosis.org\/fr\/wp-json\/wp\/v2\/pages\/88073","targetHints":{"allow":["GET"]}}],"collection":[{"href":"https:\/\/dualdiagnosis.org\/fr\/wp-json\/wp\/v2\/pages"}],"about":[{"href":"https:\/\/dualdiagnosis.org\/fr\/wp-json\/wp\/v2\/types\/page"}],"author":[{"embeddable":true,"href":"https:\/\/dualdiagnosis.org\/fr\/wp-json\/wp\/v2\/users\/5"}],"replies":[{"embeddable":true,"href":"https:\/\/dualdiagnosis.org\/fr\/wp-json\/wp\/v2\/comments?post=88073"}],"version-history":[{"count":0,"href":"https:\/\/dualdiagnosis.org\/fr\/wp-json\/wp\/v2\/pages\/88073\/revisions"}],"wp:attachment":[{"href":"https:\/\/dualdiagnosis.org\/fr\/wp-json\/wp\/v2\/media?parent=88073"}],"curies":[{"name":"wp","href":"https:\/\/api.w.org\/{rel}","templated":true}]}}