{"id":123173,"date":"2023-06-14T12:46:41","date_gmt":"2023-06-14T10:46:41","guid":{"rendered":"https:\/\/dualdiagnosis.org\/?page_id=123173"},"modified":"2023-06-14T12:57:44","modified_gmt":"2023-06-14T10:57:44","slug":"hem-dubbel-diagnos","status":"publish","type":"page","link":"https:\/\/dualdiagnosis.org\/sv\/hem-dubbel-diagnos\/","title":{"rendered":"Hem | Dubbel diagnos"},"content":{"rendered":"\t\t<div data-elementor-type=\"wp-page\" data-elementor-id=\"123173\" class=\"elementor elementor-123173\">\n\t\t\t\t\t\t<section class=\"elementor-section elementor-top-section elementor-element elementor-element-faadf13 elementor-section-boxed elementor-section-height-default elementor-section-height-default\" data-id=\"faadf13\" data-element_type=\"section\">\n\t\t\t\t\t\t<div class=\"elementor-container elementor-column-gap-default\">\n\t\t\t\t\t<div class=\"elementor-column elementor-col-100 elementor-top-column elementor-element elementor-element-56f11296\" data-id=\"56f11296\" data-element_type=\"column\">\n\t\t\t<div class=\"elementor-widget-wrap elementor-element-populated\">\n\t\t\t\t\t\t<section class=\"elementor-section elementor-inner-section elementor-element elementor-element-db00f68 elementor-section-boxed elementor-section-height-default elementor-section-height-default\" data-id=\"db00f68\" data-element_type=\"section\">\n\t\t\t\t\t\t<div class=\"elementor-container elementor-column-gap-default\">\n\t\t\t\t\t<div class=\"elementor-column elementor-col-50 elementor-inner-column elementor-element elementor-element-e5a45ec\" data-id=\"e5a45ec\" data-element_type=\"column\">\n\t\t\t<div class=\"elementor-widget-wrap elementor-element-populated\">\n\t\t\t\t\t\t<div class=\"elementor-element elementor-element-8d674c5 elementor-widget elementor-widget-text-editor\" data-id=\"8d674c5\" data-element_type=\"widget\" data-widget_type=\"text-editor.default\">\n\t\t\t\t<div class=\"elementor-widget-container\">\n\t\t\t\t\t\t\t<h2>\u00a0<\/h2><h2 style=\"text-align: center;\">Behandling av dubbeldiagnoser<\/h2><div data-equalizer-watch=\"\"><p style=\"text-align: center;\"><span style=\"color: #000000;\">Hitta viktig information som hj\u00e4lper till att avmystifiera dubbeldiagnos och g\u00f6r det l\u00e4ttare f\u00f6r dig att hitta r\u00e4tt behandling.<\/span><\/p><\/div><div class=\"elementor-button-wrapper\" style=\"text-align: center;\"><a class=\"elementor-button-link elementor-button elementor-size-sm\" role=\"button\" href=\"https:\/\/dualdiagnosis.org\/dual-diagnosis-treatment\/\"><span class=\"elementor-button-content-wrapper\"><br \/>L\u00e4s mer<\/span><\/a><\/div><div>\u00a0<\/div><div>\u00a0<\/div>\t\t\t\t\t\t<\/div>\n\t\t\t\t<\/div>\n\t\t\t\t\t<\/div>\n\t\t<\/div>\n\t\t\t\t<div class=\"elementor-column elementor-col-50 elementor-inner-column elementor-element elementor-element-f09f659\" data-id=\"f09f659\" data-element_type=\"column\">\n\t\t\t<div class=\"elementor-widget-wrap elementor-element-populated\">\n\t\t\t\t\t\t<div class=\"elementor-element elementor-element-b6a80d6 elementor-widget elementor-widget-text-editor\" data-id=\"b6a80d6\" data-element_type=\"widget\" data-widget_type=\"text-editor.default\">\n\t\t\t\t<div class=\"elementor-widget-container\">\n\t\t\t\t\t\t\t<h2>\u00a0<\/h2><h2 style=\"text-align: center;\"><span style=\"color: #ffffff;\">BEHANDLINGSCENTER<\/span><\/h2><div data-equalizer-watch=\"\"><p style=\"text-align: center;\"><span style=\"color: #000000;\">Varje behandlingscenter inom Foundations Recovery Network \u00e4r utformat f\u00f6r att erbjuda den mest effektiva behandlingen av beroende och samtidiga sjukdomar som \u00e4r m\u00f6jlig.<\/span><\/p><\/div><div class=\"elementor-button-wrapper\" style=\"text-align: center;\"><a class=\"elementor-button-link elementor-button elementor-size-sm\" role=\"button\" href=\"https:\/\/dualdiagnosis.org\/treatment-centers\/\"><span class=\"elementor-button-content-wrapper\"><br \/>L\u00e4s mer<\/span><\/a><\/div><div>\u00a0<\/div><div>\u00a0<\/div>\t\t\t\t\t\t<\/div>\n\t\t\t\t<\/div>\n\t\t\t\t\t<\/div>\n\t\t<\/div>\n\t\t\t\t\t<\/div>\n\t\t<\/section>\n\t\t\t\t<section class=\"elementor-section elementor-inner-section elementor-element elementor-element-4662059 elementor-section-boxed elementor-section-height-default elementor-section-height-default\" data-id=\"4662059\" data-element_type=\"section\">\n\t\t\t\t\t\t<div class=\"elementor-container elementor-column-gap-default\">\n\t\t\t\t\t<div class=\"elementor-column elementor-col-50 elementor-inner-column elementor-element elementor-element-655b117\" data-id=\"655b117\" data-element_type=\"column\">\n\t\t\t<div class=\"elementor-widget-wrap elementor-element-populated\">\n\t\t\t\t\t\t<div class=\"elementor-element elementor-element-cb1e336 elementor-widget elementor-widget-text-editor\" data-id=\"cb1e336\" data-element_type=\"widget\" data-widget_type=\"text-editor.default\">\n\t\t\t\t<div class=\"elementor-widget-container\">\n\t\t\t\t\t\t\t<span class=\"orange\" style=\"color: #ff6600;\">45% av personer med beroendeproblematik<\/span> <span style=\"color: #000000;\">har en samtidig sjukdom. Enligt\u00a0<em>Nationell unders\u00f6kning om droganv\u00e4ndning och h\u00e4lsa, 2010<\/em>.<\/span>\t\t\t\t\t\t<\/div>\n\t\t\t\t<\/div>\n\t\t\t\t\t<\/div>\n\t\t<\/div>\n\t\t\t\t<div class=\"elementor-column elementor-col-50 elementor-inner-column elementor-element elementor-element-1a685a7\" data-id=\"1a685a7\" data-element_type=\"column\">\n\t\t\t<div class=\"elementor-widget-wrap elementor-element-populated\">\n\t\t\t\t\t\t<div class=\"elementor-element elementor-element-3f633bd elementor-align-center elementor-widget elementor-widget-button\" data-id=\"3f633bd\" data-element_type=\"widget\" data-widget_type=\"button.default\">\n\t\t\t\t<div class=\"elementor-widget-container\">\n\t\t\t\t\t<div class=\"elementor-button-wrapper\">\n\t\t\t<a class=\"elementor-button elementor-button-link elementor-size-lg\" href=\"https:\/\/dualdiagnosis.org\/10-things-you-should-know-about-treatment\/\">\n\t\t\t\t\t\t<span class=\"elementor-button-content-wrapper\">\n\t\t\t\t\t\t\t\t\t<span class=\"elementor-button-text\">10 fakta om behandling<\/span>\n\t\t\t\t\t<\/span>\n\t\t\t\t\t<\/a>\n\t\t<\/div>\n\t\t\t\t<\/div>\n\t\t\t\t<\/div>\n\t\t\t\t\t<\/div>\n\t\t<\/div>\n\t\t\t\t\t<\/div>\n\t\t<\/section>\n\t\t\t\t<div class=\"elementor-element elementor-element-e56c85d elementor-tabs-view-horizontal elementor-widget elementor-widget-tabs\" data-id=\"e56c85d\" data-element_type=\"widget\" data-widget_type=\"tabs.default\">\n\t\t\t\t<div class=\"elementor-widget-container\">\n\t\t\t\t\t<div class=\"elementor-tabs\">\n\t\t\t<div class=\"elementor-tabs-wrapper\" role=\"tablist\" >\n\t\t\t\t\t\t\t\t\t<div id=\"elementor-tab-title-2401\" class=\"elementor-tab-title elementor-tab-desktop-title\" aria-selected=\"true\" data-tab=\"1\" role=\"tab\" tabindex=\"0\" aria-controls=\"elementor-tab-content-2401\" aria-expanded=\"false\">Samtidiga st\u00f6rningar<\/div>\n\t\t\t\t\t\t\t\t\t<div id=\"elementor-tab-title-2402\" class=\"elementor-tab-title elementor-tab-desktop-title\" aria-selected=\"false\" data-tab=\"2\" role=\"tab\" tabindex=\"-1\" aria-controls=\"elementor-tab-content-2402\" aria-expanded=\"false\">Samverkande st\u00f6rningarIntegrerade behandlingscenter f\u00f6r droger och alkohol<\/div>\n\t\t\t\t\t\t\t<\/div>\n\t\t\t<div class=\"elementor-tabs-content-wrapper\" role=\"tablist\" aria-orientation=\"vertical\">\n\t\t\t\t\t\t\t\t\t<div class=\"elementor-tab-title elementor-tab-mobile-title\" aria-selected=\"true\" data-tab=\"1\" role=\"tab\" tabindex=\"0\" aria-controls=\"elementor-tab-content-2401\" aria-expanded=\"false\">Samtidiga st\u00f6rningar<\/div>\n\t\t\t\t\t<div id=\"elementor-tab-content-2401\" class=\"elementor-tab-content elementor-clearfix\" data-tab=\"1\" role=\"tabpanel\" aria-labelledby=\"elementor-tab-title-2401\" tabindex=\"0\" hidden=\"false\"><p class=\"sub-text\"><img fetchpriority=\"high\" decoding=\"async\" class=\"size-medium wp-image-5317 alignright\" src=\"https:\/\/dualdiagnosis.org\/wp-content\/uploads\/2021\/03\/thinking-woman-239x300.png\" alt=\"\" width=\"239\" height=\"300\" srcset=\"https:\/\/dualdiagnosis.org\/wp-content\/uploads\/2021\/03\/thinking-woman-239x300.png 239w, https:\/\/dualdiagnosis.org\/wp-content\/uploads\/2021\/03\/thinking-woman.png 600w\" sizes=\"(max-width: 239px) 100vw, 239px\" \/><\/p><p>Varje \u00e5r drabbas n\u00e4stan 8,9 miljoner amerikaner av samtidiga psykiska sjukdomar och missbruksproblem. Av dessa f\u00e5r endast 7,4% l\u00e4mplig behandling, och de allra flesta bollas mellan olika behandlingssystem med olika och motstridiga behandlingsstrukturer.<\/p><p>F\u00e5 behandlingshem \u00e4r specialiserade p\u00e5 att behandla komplexa samsjuklighetsproblem. Nationell forskning forts\u00e4tter att visa att personer med samtidiga st\u00f6rningar beh\u00f6ver en specialiserad form av behandling, som kallas integrerade tj\u00e4nster eller dubbeldiagnosbehandling.<\/p><p>Behandling av psykisk oh\u00e4lsa och behandling av beroende har historiskt sett varit och \u00e4r fortfarande separata v\u00e5rdsystem. M\u00e5nga forskningsstudier har gjorts om psykisk oh\u00e4lsa och missbruk separat, men det \u00e4r f\u00f6rst p\u00e5 senare \u00e5r som studier har gjorts om personer som k\u00e4mpar med b\u00e5da tillst\u00e5nden samtidigt. Denna nya forskning visar att traditionella separata v\u00e5rdsystem inte bara fj\u00e4rmar konsumenterna fr\u00e5n behandlingen, utan att de ocks\u00e5 leder till mycket s\u00e4mre resultat \u00e4n de som personer med en enda sjukdom upplever. \u00c4nnu mer \u00f6verraskande \u00e4r att vi nu genom dessa studier l\u00e4r oss att program som fr\u00e4mst \u00e4r utformade f\u00f6r att behandla en specifik st\u00f6rning faktiskt bara kan behandla en minoritet av dem som beh\u00f6ver det,<\/p><p>Faktum \u00e4r att upp till 65,5 % av personer med substansberoende hade minst en psykisk st\u00f6rning och 51 % av personer med en psykisk st\u00f6rning hade minst en substansmissbruksst\u00f6rning.<\/p><p>Vi l\u00e4r oss ocks\u00e5 alltmer att dessa s\u00e4mre resultat beror lika mycket p\u00e5 dessa separata och mots\u00e4gelsefulla v\u00e5rdsystem som p\u00e5 sj\u00e4lva diagnoserna, eftersom personer med samtidiga tillst\u00e5nd utg\u00f6r majoriteten av de 10 procent av befolkningen som anv\u00e4nder \u00f6ver 70 procent av landets sjukv\u00e5rdsresurser. Det finns nu mer \u00e4n 14 miljoner m\u00e4nniskor i USA med samtidigt missbruk och psykisk oh\u00e4lsa.<\/p><\/div>\n\t\t\t\t\t\t\t\t\t<div class=\"elementor-tab-title elementor-tab-mobile-title\" aria-selected=\"false\" data-tab=\"2\" role=\"tab\" tabindex=\"-1\" aria-controls=\"elementor-tab-content-2402\" aria-expanded=\"false\">Samverkande st\u00f6rningarIntegrerade behandlingscenter f\u00f6r droger och alkohol<\/div>\n\t\t\t\t\t<div id=\"elementor-tab-content-2402\" class=\"elementor-tab-content elementor-clearfix\" data-tab=\"2\" role=\"tabpanel\" aria-labelledby=\"elementor-tab-title-2402\" tabindex=\"0\" hidden=\"hidden\"><h2>Om \u00e5terh\u00e4mtningsn\u00e4tverket Foundations<\/h2><p>Foundations Recovery Networks behandlingsprogram grundades p\u00e5 ett enkelt engagemang f\u00f6r att f\u00f6rb\u00e4ttra livet f\u00f6r personer med samtidiga psykiatriska och substansanv\u00e4ndningsst\u00f6rningar.<\/p><p>Genom att skr\u00e4ddarsy tj\u00e4nster f\u00f6r att behandla b\u00e5da st\u00f6rningarna samtidigt uppn\u00e5r v\u00e5ra kunder resultat som \u00f6verskrider begr\u00e4nsningarna f\u00f6r traditionella behandlingar.<\/p><p>V\u00e5ra implementerade program \u00e4r utformade f\u00f6r att tillgodose behoven hos b\u00e5de medelinkomsttagare\/privata f\u00f6rs\u00e4kringskunder och exklusiva f\u00f6retagskunder. Tillsammans erbjuder vi cirka 207 v\u00e5rdplatser, vilket g\u00f6r oss till den fr\u00e4msta nationella leverant\u00f6ren av integrerade behandlingar f\u00f6r samtidiga missbruk.<\/p><div class=\"box gray\"><h2>Modell f\u00f6r behandling av missbruk<\/h2><p><img decoding=\"async\" class=\"size-medium wp-image-5650 alignright\" src=\"https:\/\/dualdiagnosis.org\/wp-content\/uploads\/2021\/03\/Mutter-Vater-Kind-300x225.jpeg\" alt=\"\" width=\"300\" height=\"225\" srcset=\"https:\/\/dualdiagnosis.org\/wp-content\/uploads\/2021\/03\/Mutter-Vater-Kind-300x225.jpeg 300w, https:\/\/dualdiagnosis.org\/wp-content\/uploads\/2021\/03\/Mutter-Vater-Kind-90x68.jpeg 90w, https:\/\/dualdiagnosis.org\/wp-content\/uploads\/2021\/03\/Mutter-Vater-Kind.jpeg 560w\" sizes=\"(max-width: 300px) 100vw, 300px\" \/>V\u00e5r framg\u00e5ng beror p\u00e5 v\u00e5r f\u00f6rm\u00e5ga att erbjuda mycket effektiva kliniska tj\u00e4nster som inte \u00e4r baserade p\u00e5 historiska konfrontationsmetoder som driver konsumenterna bort fr\u00e5n behandlingen. Genom att kombinera v\u00e5ra forskningsbaserade innovationer med nya evidensbaserade metoder kan vi erbjuda n\u00e5gra av de l\u00e4gsta avhoppsfrekvenserna i branschen &#8211; vilket inneb\u00e4r att kunderna f\u00f6rblir engagerade i v\u00e5ra tj\u00e4nster.<\/p><p class=\"sub-text\">En tre\u00e5rig SAMHSA-finansierad utv\u00e4rdering av Foundations Associates behandlingsprogram visade att 70-80 procent av Foundations klienter var avh\u00e5llna fr\u00e5n droger upp till ett \u00e5r efter behandlingen, genom omfattande resultatdata fr\u00e5n klienter sex och tolv m\u00e5nader efter avslutad behandling. Sv\u00e5righetsgraden av psykiatriska symtom minskade med 60 procent, med motsvarande f\u00f6rb\u00e4ttringar av livskvaliteten.<\/p><\/div><details><summary style=\"cursor: pointer; color: #0bbce4;\"><u>\u27a4 Motiverande tillv\u00e4gag\u00e5ngss\u00e4tt<\/u><\/summary><p>Motiverande tillv\u00e4gag\u00e5ngss\u00e4tt som engagerar klienter och h\u00e5ller kvar klienter i tj\u00e4nster. Vi utbildar klinisk personal i motivationsh\u00f6jande strategier, en f\u00e4lttestad metod f\u00f6r att implementera kundorienterade tj\u00e4nster som maximerar kundens engagemang och undviker anv\u00e4ndning av historiska konfrontationsstrategier.<\/p><\/details><details><summary style=\"cursor: pointer; color: #0bbce4;\"><u>\u27a4 Integrerad behandling<\/u><\/summary><p>Integrerad behandling d\u00e4r alla behov inom beteendeh\u00e4lsa och beroendev\u00e5rd kan tillgodoses i en och samma milj\u00f6, med ett team av experter, inklusive psykiatriker, socialarbetare, sjuksk\u00f6terskor och licensierade alkohol- och narkotikar\u00e5dgivare<\/p><\/details><details><summary style=\"cursor: pointer; color: #0bbce4;\"><u>\u27a4 Utbildad personal<\/u><\/summary><p>Utbildad personal som l\u00e4r sig att tillhandah\u00e5lla evidensbaserade v\u00e5rdmetoder genom klassrum och till\u00e4mpade studier.<\/p><\/details><details><summary style=\"cursor: pointer; color: #0bbce4;\"><u>\u27a4 Arbetsb\u00f6cker f\u00f6r klient\u00e5terh\u00e4mtning<\/u><\/summary><p>Client Recovery Workbook Series \u00e4r en egenutvecklad produkt som bygger p\u00e5 evidensbaserade metoder och v\u00e5ra egna erfarenheter av behandling. F\u00f6rser klienter med omfattande integrerad information om hur de kan maximera sin \u00e5terh\u00e4mtningsupplevelse<\/p><\/details><details><summary style=\"cursor: pointer; color: #0bbce4;\"><u>\u27a4 Klientstyrd behandling<\/u><\/summary><p>Klientstyrd behandling d\u00e4r klienterna uppmuntras att best\u00e4mma behandlingens takt, m\u00e5l och f\u00f6rlopp och behandlas som partners i, snarare \u00e4n objekt f\u00f6r, \u00e5terh\u00e4mtningsprocessen.<\/p><\/details><\/div>\n\t\t\t\t\t\t\t<\/div>\n\t\t<\/div>\n\t\t\t\t<\/div>\n\t\t\t\t<\/div>\n\t\t\t\t<div class=\"elementor-element elementor-element-87390b7 elementor-widget elementor-widget-heading\" data-id=\"87390b7\" data-element_type=\"widget\" data-widget_type=\"heading.default\">\n\t\t\t\t<div class=\"elementor-widget-container\">\n\t\t\t<h2 class=\"elementor-heading-title elementor-size-default\"><font size=\"5\">V\u00e5ra mest popul\u00e4ra \u00e4mnen p\u00e5 Dualdiagnosis.org<\/font><\/h2>\t\t<\/div>\n\t\t\t\t<\/div>\n\t\t\t\t\t<\/div>\n\t\t<\/div>\n\t\t\t\t\t<\/div>\n\t\t<\/section>\n\t\t\t\t<section class=\"elementor-section elementor-top-section elementor-element elementor-element-8025dbf elementor-section-boxed elementor-section-height-default elementor-section-height-default\" data-id=\"8025dbf\" data-element_type=\"section\">\n\t\t\t\t\t\t<div class=\"elementor-container elementor-column-gap-default\">\n\t\t\t\t\t<div class=\"elementor-column elementor-col-100 elementor-top-column elementor-element elementor-element-54900a1\" data-id=\"54900a1\" data-element_type=\"column\">\n\t\t\t<div class=\"elementor-widget-wrap elementor-element-populated\">\n\t\t\t\t\t\t<section class=\"elementor-section elementor-inner-section elementor-element elementor-element-da5e147 elementor-section-boxed elementor-section-height-default elementor-section-height-default\" data-id=\"da5e147\" data-element_type=\"section\">\n\t\t\t\t\t\t<div class=\"elementor-container elementor-column-gap-default\">\n\t\t\t\t\t<div class=\"elementor-column elementor-col-50 elementor-inner-column elementor-element elementor-element-9363dd7\" data-id=\"9363dd7\" data-element_type=\"column\">\n\t\t\t<div class=\"elementor-widget-wrap elementor-element-populated\">\n\t\t\t\t\t\t<div class=\"elementor-element elementor-element-e87670c elementor-widget elementor-widget-text-editor\" data-id=\"e87670c\" data-element_type=\"widget\" data-widget_type=\"text-editor.default\">\n\t\t\t\t<div class=\"elementor-widget-container\">\n\t\t\t\t\t\t\t<p><a title=\"KetoXplode Gummies i test: recensioner, upplevelser och sj\u00e4lvtest 2023\" href=\"https:\/\/dualdiagnosis.org\/sv\/banta\/ketoxplode-gummies\/\" target=\"_blank\" rel=\"noopener\">KetoXplode Gummies Betyg<\/a><\/p>\t\t\t\t\t\t<\/div>\n\t\t\t\t<\/div>\n\t\t\t\t\t<\/div>\n\t\t<\/div>\n\t\t\t\t<div class=\"elementor-column elementor-col-50 elementor-inner-column elementor-element elementor-element-3e710ac\" data-id=\"3e710ac\" data-element_type=\"column\">\n\t\t\t<div class=\"elementor-widget-wrap\">\n\t\t\t\t\t\t\t<\/div>\n\t\t<\/div>\n\t\t\t\t\t<\/div>\n\t\t<\/section>\n\t\t\t\t\t<\/div>\n\t\t<\/div>\n\t\t\t\t\t<\/div>\n\t\t<\/section>\n\t\t\t\t<section class=\"elementor-section elementor-top-section elementor-element elementor-element-5e7b173 elementor-section-boxed elementor-section-height-default elementor-section-height-default\" data-id=\"5e7b173\" data-element_type=\"section\">\n\t\t\t\t\t\t<div class=\"elementor-container elementor-column-gap-default\">\n\t\t\t\t\t<div class=\"elementor-column elementor-col-100 elementor-top-column elementor-element elementor-element-99e82d4\" data-id=\"99e82d4\" data-element_type=\"column\">\n\t\t\t<div class=\"elementor-widget-wrap elementor-element-populated\">\n\t\t\t\t\t\t<div class=\"elementor-element elementor-element-55e469c elementor-widget-divider--view-line elementor-widget elementor-widget-divider\" data-id=\"55e469c\" data-element_type=\"widget\" data-widget_type=\"divider.default\">\n\t\t\t\t<div class=\"elementor-widget-container\">\n\t\t\t\t\t<div class=\"elementor-divider\">\n\t\t\t<span class=\"elementor-divider-separator\">\n\t\t\t\t\t\t<\/span>\n\t\t<\/div>\n\t\t\t\t<\/div>\n\t\t\t\t<\/div>\n\t\t\t\t\t<\/div>\n\t\t<\/div>\n\t\t\t\t\t<\/div>\n\t\t<\/section>\n\t\t\t\t<\/div>\n\t\t","protected":false},"excerpt":{"rendered":"<p>Behandling av dubbeldiagnoser Hitta viktig information som hj\u00e4lper till att avmystifiera dubbeldiagnos och g\u00f6r det l\u00e4ttare f\u00f6r dig att hitta r\u00e4tt behandling. L\u00e4s mer BEHANDLINGSCENTER Varje behandlingscenter inom Foundations Recovery Network \u00e4r utformat f\u00f6r att erbjuda den mest effektiva behandlingen av beroende och samtidiga sjukdomar som \u00e4r m\u00f6jlig. L\u00e4s mer\u00a0\u00a045% av personer med beroendeproblematik har &#8230; <a title=\"Hem | Dubbel diagnos\" class=\"read-more\" href=\"https:\/\/dualdiagnosis.org\/sv\/hem-dubbel-diagnos\/\" aria-label=\"Mer p\u00e5 Hem | Dubbel diagnos\">L\u00e4s mer<\/a><\/p>\n","protected":false},"author":5,"featured_media":0,"parent":0,"menu_order":0,"comment_status":"closed","ping_status":"closed","template":"elementor_header_footer","meta":{"footnotes":""},"class_list":["post-123173","page","type-page","status-publish"],"yoast_head":"<!-- This site is optimized with the Yoast SEO plugin v23.0 - https:\/\/yoast.com\/wordpress\/plugins\/seo\/ -->\n<title>Hem | Dubbel diagnos<\/title>\n<meta name=\"description\" content=\"L\u00e4r dig mer om alla de olika samtidiga psykiska sjukdomarna och missbruksproblemen. Resurser. Hitta auktoritativa resurser om dubbeldiagnos och integrerad...\" \/>\n<meta name=\"robots\" content=\"index, follow, max-snippet:-1, max-image-preview:large, max-video-preview:-1\" \/>\n<link rel=\"canonical\" href=\"https:\/\/dualdiagnosis.org\/sv\/\" \/>\n<meta name=\"twitter:label1\" content=\"Ber\u00e4knad l\u00e4stid\" \/>\n\t<meta name=\"twitter:data1\" content=\"4 minuter\" \/>\n<script type=\"application\/ld+json\" class=\"yoast-schema-graph\">{\"@context\":\"https:\/\/schema.org\",\"@graph\":[{\"@type\":\"WebPage\",\"@id\":\"https:\/\/dualdiagnosis.org\/sv\/\",\"url\":\"https:\/\/dualdiagnosis.org\/sv\/\",\"name\":\"Hem | Dubbel diagnos\",\"isPartOf\":{\"@id\":\"https:\/\/dualdiagnosis.org\/de\/#website\"},\"primaryImageOfPage\":{\"@id\":\"https:\/\/dualdiagnosis.org\/sv\/#primaryimage\"},\"image\":{\"@id\":\"https:\/\/dualdiagnosis.org\/sv\/#primaryimage\"},\"thumbnailUrl\":\"https:\/\/dualdiagnosis.org\/wp-content\/uploads\/2021\/03\/thinking-woman-239x300.png\",\"datePublished\":\"2023-06-14T10:46:41+00:00\",\"dateModified\":\"2023-06-14T10:57:44+00:00\",\"description\":\"L\u00e4r dig mer om alla de olika samtidiga psykiska sjukdomarna och missbruksproblemen. Resurser. Hitta auktoritativa resurser om dubbeldiagnos och integrerad...\",\"breadcrumb\":{\"@id\":\"https:\/\/dualdiagnosis.org\/sv\/#breadcrumb\"},\"inLanguage\":\"sv-SE\",\"potentialAction\":[{\"@type\":\"ReadAction\",\"target\":[\"https:\/\/dualdiagnosis.org\/sv\/\"]}]},{\"@type\":\"ImageObject\",\"inLanguage\":\"sv-SE\",\"@id\":\"https:\/\/dualdiagnosis.org\/sv\/#primaryimage\",\"url\":\"https:\/\/dualdiagnosis.org\/wp-content\/uploads\/2021\/03\/thinking-woman-239x300.png\",\"contentUrl\":\"https:\/\/dualdiagnosis.org\/wp-content\/uploads\/2021\/03\/thinking-woman-239x300.png\"},{\"@type\":\"BreadcrumbList\",\"@id\":\"https:\/\/dualdiagnosis.org\/sv\/#breadcrumb\",\"itemListElement\":[{\"@type\":\"ListItem\",\"position\":1,\"name\":\"Home\",\"item\":\"https:\/\/dualdiagnosis.org\/de\/\"},{\"@type\":\"ListItem\",\"position\":2,\"name\":\"Hem | Dubbel diagnos\"}]},{\"@type\":\"WebSite\",\"@id\":\"https:\/\/dualdiagnosis.org\/de\/#website\",\"url\":\"https:\/\/dualdiagnosis.org\/de\/\",\"name\":\"Dualdiagnosis.org\",\"description\":\"Dual Diagnosis: Home\",\"publisher\":{\"@id\":\"https:\/\/dualdiagnosis.org\/de\/#organization\"},\"potentialAction\":[{\"@type\":\"SearchAction\",\"target\":{\"@type\":\"EntryPoint\",\"urlTemplate\":\"https:\/\/dualdiagnosis.org\/de\/?s={search_term_string}\"},\"query-input\":\"required name=search_term_string\"}],\"inLanguage\":\"sv-SE\"},{\"@type\":\"Organization\",\"@id\":\"https:\/\/dualdiagnosis.org\/de\/#organization\",\"name\":\"Foundations Recovery Network\",\"url\":\"https:\/\/dualdiagnosis.org\/de\/\",\"logo\":{\"@type\":\"ImageObject\",\"inLanguage\":\"sv-SE\",\"@id\":\"https:\/\/dualdiagnosis.org\/de\/#\/schema\/logo\/image\/\",\"url\":\"https:\/\/dualdiagnosis.org\/wp-content\/uploads\/2021\/03\/Dualdiagnosis-Logo.png\",\"contentUrl\":\"https:\/\/dualdiagnosis.org\/wp-content\/uploads\/2021\/03\/Dualdiagnosis-Logo.png\",\"width\":1150,\"height\":264,\"caption\":\"Foundations Recovery Network\"},\"image\":{\"@id\":\"https:\/\/dualdiagnosis.org\/de\/#\/schema\/logo\/image\/\"},\"sameAs\":[\"https:\/\/www.facebook.com\/Dual-Diagnosis-100246328793889\",\"https:\/\/x.com\/DiagnosisDual\"]}]}<\/script>\n<!-- \/ Yoast SEO plugin. -->","yoast_head_json":{"title":"Hem | Dubbel diagnos","description":"L\u00e4r dig mer om alla de olika samtidiga psykiska sjukdomarna och missbruksproblemen. Resurser. Hitta auktoritativa resurser om dubbeldiagnos och integrerad...","robots":{"index":"index","follow":"follow","max-snippet":"max-snippet:-1","max-image-preview":"max-image-preview:large","max-video-preview":"max-video-preview:-1"},"canonical":"https:\/\/dualdiagnosis.org\/sv\/","twitter_misc":{"Ber\u00e4knad l\u00e4stid":"4 minuter"},"schema":{"@context":"https:\/\/schema.org","@graph":[{"@type":"WebPage","@id":"https:\/\/dualdiagnosis.org\/sv\/","url":"https:\/\/dualdiagnosis.org\/sv\/","name":"Hem | Dubbel diagnos","isPartOf":{"@id":"https:\/\/dualdiagnosis.org\/de\/#website"},"primaryImageOfPage":{"@id":"https:\/\/dualdiagnosis.org\/sv\/#primaryimage"},"image":{"@id":"https:\/\/dualdiagnosis.org\/sv\/#primaryimage"},"thumbnailUrl":"https:\/\/dualdiagnosis.org\/wp-content\/uploads\/2021\/03\/thinking-woman-239x300.png","datePublished":"2023-06-14T10:46:41+00:00","dateModified":"2023-06-14T10:57:44+00:00","description":"L\u00e4r dig mer om alla de olika samtidiga psykiska sjukdomarna och missbruksproblemen. Resurser. Hitta auktoritativa resurser om dubbeldiagnos och integrerad...","breadcrumb":{"@id":"https:\/\/dualdiagnosis.org\/sv\/#breadcrumb"},"inLanguage":"sv-SE","potentialAction":[{"@type":"ReadAction","target":["https:\/\/dualdiagnosis.org\/sv\/"]}]},{"@type":"ImageObject","inLanguage":"sv-SE","@id":"https:\/\/dualdiagnosis.org\/sv\/#primaryimage","url":"https:\/\/dualdiagnosis.org\/wp-content\/uploads\/2021\/03\/thinking-woman-239x300.png","contentUrl":"https:\/\/dualdiagnosis.org\/wp-content\/uploads\/2021\/03\/thinking-woman-239x300.png"},{"@type":"BreadcrumbList","@id":"https:\/\/dualdiagnosis.org\/sv\/#breadcrumb","itemListElement":[{"@type":"ListItem","position":1,"name":"Home","item":"https:\/\/dualdiagnosis.org\/de\/"},{"@type":"ListItem","position":2,"name":"Hem | Dubbel diagnos"}]},{"@type":"WebSite","@id":"https:\/\/dualdiagnosis.org\/de\/#website","url":"https:\/\/dualdiagnosis.org\/de\/","name":"Dualdiagnosis.org","description":"Dual Diagnosis: Home","publisher":{"@id":"https:\/\/dualdiagnosis.org\/de\/#organization"},"potentialAction":[{"@type":"SearchAction","target":{"@type":"EntryPoint","urlTemplate":"https:\/\/dualdiagnosis.org\/de\/?s={search_term_string}"},"query-input":"required name=search_term_string"}],"inLanguage":"sv-SE"},{"@type":"Organization","@id":"https:\/\/dualdiagnosis.org\/de\/#organization","name":"Foundations Recovery Network","url":"https:\/\/dualdiagnosis.org\/de\/","logo":{"@type":"ImageObject","inLanguage":"sv-SE","@id":"https:\/\/dualdiagnosis.org\/de\/#\/schema\/logo\/image\/","url":"https:\/\/dualdiagnosis.org\/wp-content\/uploads\/2021\/03\/Dualdiagnosis-Logo.png","contentUrl":"https:\/\/dualdiagnosis.org\/wp-content\/uploads\/2021\/03\/Dualdiagnosis-Logo.png","width":1150,"height":264,"caption":"Foundations Recovery Network"},"image":{"@id":"https:\/\/dualdiagnosis.org\/de\/#\/schema\/logo\/image\/"},"sameAs":["https:\/\/www.facebook.com\/Dual-Diagnosis-100246328793889","https:\/\/x.com\/DiagnosisDual"]}]}},"_links":{"self":[{"href":"https:\/\/dualdiagnosis.org\/sv\/wp-json\/wp\/v2\/pages\/123173","targetHints":{"allow":["GET"]}}],"collection":[{"href":"https:\/\/dualdiagnosis.org\/sv\/wp-json\/wp\/v2\/pages"}],"about":[{"href":"https:\/\/dualdiagnosis.org\/sv\/wp-json\/wp\/v2\/types\/page"}],"author":[{"embeddable":true,"href":"https:\/\/dualdiagnosis.org\/sv\/wp-json\/wp\/v2\/users\/5"}],"replies":[{"embeddable":true,"href":"https:\/\/dualdiagnosis.org\/sv\/wp-json\/wp\/v2\/comments?post=123173"}],"version-history":[{"count":0,"href":"https:\/\/dualdiagnosis.org\/sv\/wp-json\/wp\/v2\/pages\/123173\/revisions"}],"wp:attachment":[{"href":"https:\/\/dualdiagnosis.org\/sv\/wp-json\/wp\/v2\/media?parent=123173"}],"curies":[{"name":"wp","href":"https:\/\/api.w.org\/{rel}","templated":true}]}}